{"id":120547,"date":"2023-02-09T11:49:55","date_gmt":"2023-02-09T08:49:55","guid":{"rendered":"https:\/\/vapetravellers.eu\/50000-click-in-google-search\/"},"modified":"2023-03-01T19:31:33","modified_gmt":"2023-03-01T16:31:33","slug":"50000-click-in-google-search","status":"publish","type":"page","link":"https:\/\/vapetravellers.eu\/en\/50000-click-in-google-search\/","title":{"rendered":"50000 &#8220;Click&#8221; in Google Search!"},"content":{"rendered":"\t\t<div data-elementor-type=\"wp-page\" data-elementor-id=\"120547\" class=\"elementor elementor-120547 elementor-112900\">\n\t\t\t\t\t\t<section class=\"elementor-section elementor-top-section elementor-element elementor-element-5871f32 elementor-section-boxed elementor-section-height-default elementor-section-height-default\" data-id=\"5871f32\" data-element_type=\"section\" data-e-type=\"section\">\n\t\t\t\t\t\t<div class=\"elementor-container elementor-column-gap-default\">\n\t\t\t\t\t<div class=\"elementor-column elementor-col-100 elementor-top-column elementor-element elementor-element-f7f1dfa\" data-id=\"f7f1dfa\" data-element_type=\"column\" data-e-type=\"column\">\n\t\t\t<div class=\"elementor-widget-wrap\">\n\t\t\t\t\t\t\t<\/div>\n\t\t<\/div>\n\t\t\t\t\t<\/div>\n\t\t<\/section>\n\t\t\t\t<section class=\"elementor-section elementor-top-section elementor-element elementor-element-2acbdf5 elementor-section-boxed elementor-section-height-default elementor-section-height-default\" data-id=\"2acbdf5\" data-element_type=\"section\" data-e-type=\"section\">\n\t\t\t\t\t\t<div class=\"elementor-container elementor-column-gap-default\">\n\t\t\t\t\t<div class=\"elementor-column elementor-col-100 elementor-top-column elementor-element elementor-element-a18fc31\" data-id=\"a18fc31\" data-element_type=\"column\" data-e-type=\"column\">\n\t\t\t<div class=\"elementor-widget-wrap elementor-element-populated\">\n\t\t\t\t\t\t<div class=\"elementor-element elementor-element-aee5a1e elementor-widget elementor-widget-image\" data-id=\"aee5a1e\" data-element_type=\"widget\" data-e-type=\"widget\" data-widget_type=\"image.default\">\n\t\t\t\t<div class=\"elementor-widget-container\">\n\t\t\t\t\t\t\t\t\t\t\t\t\t\t\t<img decoding=\"async\" src=\"https:\/\/vapetravellers.eu\/wp-content\/uploads\/2023\/02\/50K_Clicks_in_Google_Search.png\" title=\"\" alt=\"\" loading=\"lazy\">\t\t\t\t\t\t\t\t\t\t\t\t\t\t\t<\/div>\n\t\t\t\t<\/div>\n\t\t\t\t\t<\/div>\n\t\t<\/div>\n\t\t\t\t\t<\/div>\n\t\t<\/section>\n\t\t\t\t<\/div>\n\t\t<style>\r\n.lwrp.link-whisper-related-posts{\r\n            \r\n            margin-top: 40px;\nmargin-bottom: 30px;\r\n        }\r\n        .lwrp .lwrp-title{\r\n            \r\n            \r\n        }.lwrp .lwrp-description{\r\n            \r\n            \r\n\r\n        }\r\n        .lwrp .lwrp-list-container{\r\n        }\r\n        .lwrp .lwrp-list-multi-container{\r\n            display: flex;\r\n        }\r\n        .lwrp .lwrp-list-double{\r\n            width: 48%;\r\n        }\r\n        .lwrp .lwrp-list-triple{\r\n            width: 32%;\r\n        }\r\n        .lwrp .lwrp-list-row-container{\r\n            display: flex;\r\n            justify-content: space-between;\r\n        }\r\n        .lwrp .lwrp-list-row-container .lwrp-list-item{\r\n            width: calc(12% - 20px);\r\n        }\r\n        .lwrp .lwrp-list-item:not(.lwrp-no-posts-message-item){\r\n            \r\n            max-width: 150px;\r\n        }\r\n        .lwrp .lwrp-list-item img{\r\n            max-width: 100%;\r\n            height: auto;\r\n            object-fit: cover;\r\n            aspect-ratio: 1 \/ 1;\r\n        }\r\n        .lwrp .lwrp-list-item.lwrp-empty-list-item{\r\n            background: initial !important;\r\n        }\r\n        .lwrp .lwrp-list-item .lwrp-list-link .lwrp-list-link-title-text,\r\n        .lwrp .lwrp-list-item .lwrp-list-no-posts-message{\r\n            \r\n            \r\n            \r\n            \r\n        }@media screen and (max-width: 480px) {\r\n            .lwrp.link-whisper-related-posts{\r\n                \r\n                \r\n            }\r\n            .lwrp .lwrp-title{\r\n                \r\n                \r\n            }.lwrp .lwrp-description{\r\n                \r\n                \r\n            }\r\n            .lwrp .lwrp-list-multi-container{\r\n                flex-direction: column;\r\n            }\r\n            .lwrp .lwrp-list-multi-container ul.lwrp-list{\r\n                margin-top: 0px;\r\n                margin-bottom: 0px;\r\n                padding-top: 0px;\r\n                padding-bottom: 0px;\r\n            }\r\n            .lwrp .lwrp-list-double,\r\n            .lwrp .lwrp-list-triple{\r\n                width: 100%;\r\n            }\r\n            .lwrp .lwrp-list-row-container{\r\n                justify-content: initial;\r\n                flex-direction: column;\r\n            }\r\n            .lwrp .lwrp-list-row-container .lwrp-list-item{\r\n                width: 100%;\r\n            }\r\n            .lwrp .lwrp-list-item:not(.lwrp-no-posts-message-item){\r\n                \r\n                max-width: initial;\r\n            }\r\n            .lwrp .lwrp-list-item .lwrp-list-link .lwrp-list-link-title-text,\r\n            .lwrp .lwrp-list-item .lwrp-list-no-posts-message{\r\n                \r\n                \r\n                \r\n                \r\n            };\r\n        }<\/style>\r\n<div id=\"link-whisper-related-posts-widget\" class=\"link-whisper-related-posts lwrp\">\r\n            <h3 class=\"lwrp-title\">Related Posts<\/h3>    \r\n        <div class=\"lwrp-list-container\">\r\n                                            <ul class=\"lwrp-list lwrp-list-single\">\r\n                    <li class=\"lwrp-list-item\"><a href=\"https:\/\/vapetravellers.eu\/en\/\" class=\"lwrp-list-link\"><span class=\"lwrp-list-link-title-text\"><\/span><\/a><\/li><li class=\"lwrp-list-item\"><a href=\"https:\/\/vapetravellers.eu\/en\/vape-art-3\/\" class=\"lwrp-list-link\"><img width=\"480\" src=\"https:\/\/vapetravellers.eu\/wp-content\/uploads\/2023\/08\/Vaping4.jpeg\"><br><span class=\"lwrp-list-link-title-text\">Vape Art&#8230;<\/span><\/a><\/li><li class=\"lwrp-list-item\"><a href=\"https:\/\/vapetravellers.eu\/en\/project-1-blade-in-13-machines\/\" class=\"lwrp-list-link\"><span class=\"lwrp-list-link-title-text\">Projekt: 1 \u010depe\u013e v 13 strojoch<\/span><\/a><\/li><li class=\"lwrp-list-item\"><a href=\"https:\/\/vapetravellers.eu\/en\/nicotine-from-a-to-z\/\" class=\"lwrp-list-link\"><img width=\"480\" src=\"https:\/\/vapetravellers.eu\/wp-content\/uploads\/2019\/08\/573px-Nicotine.svg_.png\"><br><span class=\"lwrp-list-link-title-text\">Nikotiini A:sta Z:hen&#8230;<\/span><\/a><\/li><li class=\"lwrp-list-item\"><a href=\"https:\/\/vapetravellers.eu\/en\/checkout-2\/\" class=\"lwrp-list-link\"><span class=\"lwrp-list-link-title-text\">Kassa<\/span><\/a><\/li><li class=\"lwrp-list-item\"><a href=\"https:\/\/vapetravellers.eu\/en\/prohibition-of-export-sale-of-tobacco-products-to-european-union-countries\/\" class=\"lwrp-list-link\"><span class=\"lwrp-list-link-title-text\">Draudimas eksportuoti &#8211; parduoti tabako gaminius \u012f Europos S\u0105jungos \u0161alis<\/span><\/a><\/li><li class=\"lwrp-list-item\"><a href=\"https:\/\/vapetravellers.eu\/en\/vape-pop-art\/\" class=\"lwrp-list-link\"><img width=\"480\" src=\"https:\/\/vapetravellers.eu\/wp-content\/uploads\/2023\/08\/Vaping11.jpeg\"><br><span class=\"lwrp-list-link-title-text\">Vape Pop Art&#8230;<\/span><\/a><\/li><li class=\"lwrp-list-item\"><a href=\"https:\/\/vapetravellers.eu\/en\/prohibition-of-export-sale-of-tobacco-products-to-european-union-countries\/\" class=\"lwrp-list-link\"><span class=\"lwrp-list-link-title-text\">\u0391\u03c0\u03b1\u03b3\u03cc\u03c1\u03b5\u03c5\u03c3\u03b7 \u0395\u03be\u03b1\u03b3\u03c9\u03b3\u03ae\u03c2 &#8211; \u03a0\u03ce\u03bb\u03b7\u03c3\u03b7\u03c2 \u03a0\u03c1\u03bf\u03ca\u03cc\u03bd\u03c4\u03c9\u03bd \u039a\u03b1\u03c0\u03bd\u03bf\u03cd \u03c0\u03c1\u03bf\u03c2 \u03a7\u03ce\u03c1\u03b5\u03c2 \u03c4\u03b7\u03c2 \u0395\u03c5\u03c1\u03c9\u03c0\u03b1\u03ca\u03ba\u03ae\u03c2 \u0388\u03bd\u03c9\u03c3\u03b7\u03c2<\/span><\/a><\/li>                <\/ul>\r\n                        <\/div>\r\n<\/div>","protected":false},"excerpt":{"rendered":"<p>\u03a3\u03b1\u03c2 \u03b5\u03c5\u03c7\u03b1\u03c1\u03b9\u03c3\u03c4\u03bf\u03cd\u03bc\u03b5 \u03b1\u03c0\u03cc \u03ba\u03b1\u03c1\u03b4\u03b9\u03ac\u03c2 \u03c0\u03bf\u03c5 \u03b5\u03c0\u03b9\u03c3\u03ba\u03b5\u03c5\u03b8\u03ae\u03ba\u03b1\u03c4\u03b5 \u03c4\u03bf \u03ba\u03b1\u03c4\u03ac\u03c3\u03c4\u03b7\u03bc\u03b1 \u03bc\u03b1\u03c2! Related Posts Vape Art&#8230;Projekt: 1 \u010depe\u013e v 13 strojochNikotiini A:sta Z:hen&#8230;KassaDraudimas eksportuoti &#8211; parduoti tabako gaminius \u012f Europos S\u0105jungos \u0161alisVape Pop Art&#8230;\u0391\u03c0\u03b1\u03b3\u03cc\u03c1\u03b5\u03c5\u03c3\u03b7 \u0395\u03be\u03b1\u03b3\u03c9\u03b3\u03ae\u03c2 &#8211; \u03a0\u03ce\u03bb\u03b7\u03c3\u03b7\u03c2 \u03a0\u03c1\u03bf\u03ca\u03cc\u03bd\u03c4\u03c9\u03bd \u039a\u03b1\u03c0\u03bd\u03bf\u03cd \u03c0\u03c1\u03bf\u03c2 \u03a7\u03ce\u03c1\u03b5\u03c2 \u03c4\u03b7\u03c2 \u0395\u03c5\u03c1\u03c9\u03c0\u03b1\u03ca\u03ba\u03ae\u03c2 \u0388\u03bd\u03c9\u03c3\u03b7\u03c2<\/p>\n","protected":false},"author":22,"featured_media":0,"parent":0,"menu_order":0,"comment_status":"closed","ping_status":"closed","template":"","meta":{"footnotes":""},"class_list":["post-120547","page","type-page","status-publish","hentry"],"jetpack_sharing_enabled":true,"_links":{"self":[{"href":"https:\/\/vapetravellers.eu\/en\/wp-json\/wp\/v2\/pages\/120547","targetHints":{"allow":["GET"]}}],"collection":[{"href":"https:\/\/vapetravellers.eu\/en\/wp-json\/wp\/v2\/pages"}],"about":[{"href":"https:\/\/vapetravellers.eu\/en\/wp-json\/wp\/v2\/types\/page"}],"author":[{"embeddable":true,"href":"https:\/\/vapetravellers.eu\/en\/wp-json\/wp\/v2\/users\/22"}],"replies":[{"embeddable":true,"href":"https:\/\/vapetravellers.eu\/en\/wp-json\/wp\/v2\/comments?post=120547"}],"version-history":[{"count":0,"href":"https:\/\/vapetravellers.eu\/en\/wp-json\/wp\/v2\/pages\/120547\/revisions"}],"wp:attachment":[{"href":"https:\/\/vapetravellers.eu\/en\/wp-json\/wp\/v2\/media?parent=120547"}],"curies":[{"name":"wp","href":"https:\/\/api.w.org\/{rel}","templated":true}]}}