{"id":127672,"date":"2023-02-04T01:39:59","date_gmt":"2023-02-03T22:39:59","guid":{"rendered":"https:\/\/vapetravellers.eu\/45000-click-in-google-search\/"},"modified":"2023-03-03T18:40:10","modified_gmt":"2023-03-03T15:40:10","slug":"45000-click-in-google-search","status":"publish","type":"page","link":"https:\/\/vapetravellers.eu\/en\/45000-click-in-google-search\/","title":{"rendered":"45000 &#8220;Click &#8221; in Google Search!"},"content":{"rendered":"\t\t<div data-elementor-type=\"wp-page\" data-elementor-id=\"127672\" class=\"elementor elementor-127672 elementor-112236\">\n\t\t\t\t\t\t<section class=\"elementor-section elementor-top-section elementor-element elementor-element-239beaf elementor-section-boxed elementor-section-height-default elementor-section-height-default\" data-id=\"239beaf\" data-element_type=\"section\" data-e-type=\"section\">\n\t\t\t\t\t\t<div class=\"elementor-container elementor-column-gap-default\">\n\t\t\t\t\t<div class=\"elementor-column elementor-col-100 elementor-top-column elementor-element elementor-element-5d26890\" data-id=\"5d26890\" data-element_type=\"column\" data-e-type=\"column\">\n\t\t\t<div class=\"elementor-widget-wrap\">\n\t\t\t\t\t\t\t<\/div>\n\t\t<\/div>\n\t\t\t\t\t<\/div>\n\t\t<\/section>\n\t\t\t\t<section class=\"elementor-section elementor-top-section elementor-element elementor-element-d7bf8b2 elementor-section-boxed elementor-section-height-default elementor-section-height-default\" data-id=\"d7bf8b2\" data-element_type=\"section\" data-e-type=\"section\">\n\t\t\t\t\t\t<div class=\"elementor-container elementor-column-gap-default\">\n\t\t\t\t\t<div class=\"elementor-column elementor-col-100 elementor-top-column elementor-element elementor-element-997fc70\" data-id=\"997fc70\" data-element_type=\"column\" data-e-type=\"column\">\n\t\t\t<div class=\"elementor-widget-wrap elementor-element-populated\">\n\t\t\t\t\t\t<div class=\"elementor-element elementor-element-dcf7fef elementor-widget elementor-widget-image\" data-id=\"dcf7fef\" data-element_type=\"widget\" data-e-type=\"widget\" data-widget_type=\"image.default\">\n\t\t\t\t<div class=\"elementor-widget-container\">\n\t\t\t\t\t\t\t\t\t\t\t\t\t\t\t<img fetchpriority=\"high\" decoding=\"async\" width=\"697\" height=\"795\" src=\"https:\/\/vapetravellers.eu\/wp-content\/uploads\/2023\/02\/45K_Clicks_in_Google_Search.png\" class=\"attachment-large size-large wp-image-112468\" alt=\"\" srcset=\"https:\/\/vapetravellers.eu\/wp-content\/uploads\/2023\/02\/45K_Clicks_in_Google_Search.png.avif 697w, https:\/\/vapetravellers.eu\/wp-content\/uploads\/2023\/02\/45K_Clicks_in_Google_Search-263x300.png.avif 263w, https:\/\/vapetravellers.eu\/wp-content\/uploads\/2023\/02\/45K_Clicks_in_Google_Search-600x684.png.avif 600w, https:\/\/vapetravellers.eu\/wp-content\/uploads\/2023\/02\/45K_Clicks_in_Google_Search-150x171.png.avif 150w, https:\/\/vapetravellers.eu\/wp-content\/uploads\/2023\/02\/45K_Clicks_in_Google_Search-64x73.png.avif 64w\" sizes=\"(max-width: 697px) 100vw, 697px\" title=\"\">\t\t\t\t\t\t\t\t\t\t\t\t\t\t\t<\/div>\n\t\t\t\t<\/div>\n\t\t\t\t\t<\/div>\n\t\t<\/div>\n\t\t\t\t\t<\/div>\n\t\t<\/section>\n\t\t\t\t<\/div>\n\t\t<style>\r\n.lwrp.link-whisper-related-posts{\r\n            \r\n            margin-top: 40px;\nmargin-bottom: 30px;\r\n        }\r\n        .lwrp .lwrp-title{\r\n            \r\n            \r\n        }.lwrp .lwrp-description{\r\n            \r\n            \r\n\r\n        }\r\n        .lwrp .lwrp-list-container{\r\n        }\r\n        .lwrp .lwrp-list-multi-container{\r\n            display: flex;\r\n        }\r\n        .lwrp .lwrp-list-double{\r\n            width: 48%;\r\n        }\r\n        .lwrp .lwrp-list-triple{\r\n            width: 32%;\r\n        }\r\n        .lwrp .lwrp-list-row-container{\r\n            display: flex;\r\n            justify-content: space-between;\r\n        }\r\n        .lwrp .lwrp-list-row-container .lwrp-list-item{\r\n            width: calc(12% - 20px);\r\n        }\r\n        .lwrp .lwrp-list-item:not(.lwrp-no-posts-message-item){\r\n            \r\n            max-width: 150px;\r\n        }\r\n        .lwrp .lwrp-list-item img{\r\n            max-width: 100%;\r\n            height: auto;\r\n            object-fit: cover;\r\n            aspect-ratio: 1 \/ 1;\r\n        }\r\n        .lwrp .lwrp-list-item.lwrp-empty-list-item{\r\n            background: initial !important;\r\n        }\r\n        .lwrp .lwrp-list-item .lwrp-list-link .lwrp-list-link-title-text,\r\n        .lwrp .lwrp-list-item .lwrp-list-no-posts-message{\r\n            \r\n            \r\n            \r\n            \r\n        }@media screen and (max-width: 480px) {\r\n            .lwrp.link-whisper-related-posts{\r\n                \r\n                \r\n            }\r\n            .lwrp .lwrp-title{\r\n                \r\n                \r\n            }.lwrp .lwrp-description{\r\n                \r\n                \r\n            }\r\n            .lwrp .lwrp-list-multi-container{\r\n                flex-direction: column;\r\n            }\r\n            .lwrp .lwrp-list-multi-container ul.lwrp-list{\r\n                margin-top: 0px;\r\n                margin-bottom: 0px;\r\n                padding-top: 0px;\r\n                padding-bottom: 0px;\r\n            }\r\n            .lwrp .lwrp-list-double,\r\n            .lwrp .lwrp-list-triple{\r\n                width: 100%;\r\n            }\r\n            .lwrp .lwrp-list-row-container{\r\n                justify-content: initial;\r\n                flex-direction: column;\r\n            }\r\n            .lwrp .lwrp-list-row-container .lwrp-list-item{\r\n                width: 100%;\r\n            }\r\n            .lwrp .lwrp-list-item:not(.lwrp-no-posts-message-item){\r\n                \r\n                max-width: initial;\r\n            }\r\n            .lwrp .lwrp-list-item .lwrp-list-link .lwrp-list-link-title-text,\r\n            .lwrp .lwrp-list-item .lwrp-list-no-posts-message{\r\n                \r\n                \r\n                \r\n                \r\n            };\r\n        }<\/style>\r\n<div id=\"link-whisper-related-posts-widget\" class=\"link-whisper-related-posts lwrp\">\r\n            <h3 class=\"lwrp-title\">Related Posts<\/h3>    \r\n        <div class=\"lwrp-list-container\">\r\n                                            <ul class=\"lwrp-list lwrp-list-single\">\r\n                    <li class=\"lwrp-list-item\"><a href=\"https:\/\/vapetravellers.eu\/vyhladavanie-produktov\/\" class=\"lwrp-list-link\"><span class=\"lwrp-list-link-title-text\">Vyh\u013ead\u00e1vanie produktov<\/span><\/a><\/li><li class=\"lwrp-list-item\"><a href=\"https:\/\/vapetravellers.eu\/en\/thank-you\/\" class=\"lwrp-list-link\"><span class=\"lwrp-list-link-title-text\">V\u0103 mul\u021bumesc!<\/span><\/a><\/li><li class=\"lwrp-list-item\"><a href=\"https:\/\/vapetravellers.eu\/en\/wish-list-2\/\" class=\"lwrp-list-link\"><span class=\"lwrp-list-link-title-text\">Dorin\u0163e<\/span><\/a><\/li><li class=\"lwrp-list-item\"><a href=\"https:\/\/vapetravellers.eu\/en\/traditional-safety-razor-shaving-de-shaving\/\" class=\"lwrp-list-link\"><span class=\"lwrp-list-link-title-text\">Afaitat tradicional de seguretat (afaitat DE)<\/span><\/a><\/li><li class=\"lwrp-list-item\"><a href=\"https:\/\/vapetravellers.eu\/en\/project-1-blade-in-13-machines\/\" class=\"lwrp-list-link\"><span class=\"lwrp-list-link-title-text\">Projekt: 1 \u010depel ve 13 stroj\u00edch<\/span><\/a><\/li><li class=\"lwrp-list-item\"><a href=\"https:\/\/vapetravellers.eu\/en\/cart-4\/\" class=\"lwrp-list-link\"><span class=\"lwrp-list-link-title-text\">Handlevogn<\/span><\/a><\/li><li class=\"lwrp-list-item\"><a href=\"https:\/\/vapetravellers.eu\/tuotteiden-loytaminen-2\/\" class=\"lwrp-list-link\"><span class=\"lwrp-list-link-title-text\">Tuotteiden l\u00f6yt\u00e4minen<\/span><\/a><\/li><li class=\"lwrp-list-item\"><a href=\"https:\/\/vapetravellers.eu\/en\/feather-professional-soft-guard-feather-artist-club-proguard-comparison-which-blade-fits-your-needs\/\" class=\"lwrp-list-link\"><img width=\"480\" src=\"https:\/\/vapetravellers.eu\/wp-content\/uploads\/2024\/11\/S3_img6.jpg\"><br><span class=\"lwrp-list-link-title-text\">Por\u00f3wnanie Feather Professional Soft Guard i Feather Artist Club ProGuard: Kt\u00f3re ostrze pasuje do Twoich potrzeb?<\/span><\/a><\/li>                <\/ul>\r\n                        <\/div>\r\n<\/div>","protected":false},"excerpt":{"rendered":"<p>\u03a3\u03b1\u03c2 \u03b5\u03c5\u03c7\u03b1\u03c1\u03b9\u03c3\u03c4\u03bf\u03cd\u03bc\u03b5 \u03b1\u03c0\u03cc \u03ba\u03b1\u03c1\u03b4\u03b9\u03ac\u03c2 \u03c0\u03bf\u03c5 \u03b5\u03c0\u03b9\u03c3\u03ba\u03b5\u03c5\u03b8\u03ae\u03ba\u03b1\u03c4\u03b5 \u03c4\u03bf \u03ba\u03b1\u03c4\u03ac\u03c3\u03c4\u03b7\u03bc\u03b1 \u03bc\u03b1\u03c2! Related Posts Vyh\u013ead\u00e1vanie produktovV\u0103 mul\u021bumesc!Dorin\u0163eAfaitat tradicional de seguretat (afaitat DE)Projekt: 1 \u010depel ve 13 stroj\u00edchHandlevognTuotteiden l\u00f6yt\u00e4minenPor\u00f3wnanie Feather Professional Soft Guard i Feather Artist Club ProGuard: Kt\u00f3re ostrze pasuje do Twoich potrzeb?<\/p>\n","protected":false},"author":22,"featured_media":0,"parent":0,"menu_order":0,"comment_status":"closed","ping_status":"closed","template":"","meta":{"footnotes":""},"class_list":["post-127672","page","type-page","status-publish","hentry"],"jetpack_sharing_enabled":true,"_links":{"self":[{"href":"https:\/\/vapetravellers.eu\/en\/wp-json\/wp\/v2\/pages\/127672","targetHints":{"allow":["GET"]}}],"collection":[{"href":"https:\/\/vapetravellers.eu\/en\/wp-json\/wp\/v2\/pages"}],"about":[{"href":"https:\/\/vapetravellers.eu\/en\/wp-json\/wp\/v2\/types\/page"}],"author":[{"embeddable":true,"href":"https:\/\/vapetravellers.eu\/en\/wp-json\/wp\/v2\/users\/22"}],"replies":[{"embeddable":true,"href":"https:\/\/vapetravellers.eu\/en\/wp-json\/wp\/v2\/comments?post=127672"}],"version-history":[{"count":0,"href":"https:\/\/vapetravellers.eu\/en\/wp-json\/wp\/v2\/pages\/127672\/revisions"}],"wp:attachment":[{"href":"https:\/\/vapetravellers.eu\/en\/wp-json\/wp\/v2\/media?parent=127672"}],"curies":[{"name":"wp","href":"https:\/\/api.w.org\/{rel}","templated":true}]}}