{"id":2097705,"date":"2024-01-09T18:43:59","date_gmt":"2024-01-09T15:43:59","guid":{"rendered":"https:\/\/vapetravellers.eu\/checkout-2\/"},"modified":"2024-01-09T18:43:59","modified_gmt":"2024-01-09T15:43:59","slug":"checkout-2","status":"publish","type":"page","link":"https:\/\/vapetravellers.eu\/en\/checkout-2\/","title":{"rendered":"Checkout"},"content":{"rendered":"<div class=\"woocommerce\"><\/div>\n<style>\r\n.lwrp.link-whisper-related-posts{\r\n            \r\n            margin-top: 40px;\nmargin-bottom: 30px;\r\n        }\r\n        .lwrp .lwrp-title{\r\n            \r\n            \r\n        }.lwrp .lwrp-description{\r\n            \r\n            \r\n\r\n        }\r\n        .lwrp .lwrp-list-container{\r\n        }\r\n        .lwrp .lwrp-list-multi-container{\r\n            display: flex;\r\n        }\r\n        .lwrp .lwrp-list-double{\r\n            width: 48%;\r\n        }\r\n        .lwrp .lwrp-list-triple{\r\n            width: 32%;\r\n        }\r\n        .lwrp .lwrp-list-row-container{\r\n            display: flex;\r\n            justify-content: space-between;\r\n        }\r\n        .lwrp .lwrp-list-row-container .lwrp-list-item{\r\n            width: calc(12% - 20px);\r\n        }\r\n        .lwrp .lwrp-list-item:not(.lwrp-no-posts-message-item){\r\n            \r\n            max-width: 150px;\r\n        }\r\n        .lwrp .lwrp-list-item img{\r\n            max-width: 100%;\r\n            height: auto;\r\n            object-fit: cover;\r\n            aspect-ratio: 1 \/ 1;\r\n        }\r\n        .lwrp .lwrp-list-item.lwrp-empty-list-item{\r\n            background: initial !important;\r\n        }\r\n        .lwrp .lwrp-list-item .lwrp-list-link .lwrp-list-link-title-text,\r\n        .lwrp .lwrp-list-item .lwrp-list-no-posts-message{\r\n            \r\n            \r\n            \r\n            \r\n        }@media screen and (max-width: 480px) {\r\n            .lwrp.link-whisper-related-posts{\r\n                \r\n                \r\n            }\r\n            .lwrp .lwrp-title{\r\n                \r\n                \r\n            }.lwrp .lwrp-description{\r\n                \r\n                \r\n            }\r\n            .lwrp .lwrp-list-multi-container{\r\n                flex-direction: column;\r\n            }\r\n            .lwrp .lwrp-list-multi-container ul.lwrp-list{\r\n                margin-top: 0px;\r\n                margin-bottom: 0px;\r\n                padding-top: 0px;\r\n                padding-bottom: 0px;\r\n            }\r\n            .lwrp .lwrp-list-double,\r\n            .lwrp .lwrp-list-triple{\r\n                width: 100%;\r\n            }\r\n            .lwrp .lwrp-list-row-container{\r\n                justify-content: initial;\r\n                flex-direction: column;\r\n            }\r\n            .lwrp .lwrp-list-row-container .lwrp-list-item{\r\n                width: 100%;\r\n            }\r\n            .lwrp .lwrp-list-item:not(.lwrp-no-posts-message-item){\r\n                \r\n                max-width: initial;\r\n            }\r\n            .lwrp .lwrp-list-item .lwrp-list-link .lwrp-list-link-title-text,\r\n            .lwrp .lwrp-list-item .lwrp-list-no-posts-message{\r\n                \r\n                \r\n                \r\n                \r\n            };\r\n        }<\/style>\r\n<div id=\"link-whisper-related-posts-widget\" class=\"link-whisper-related-posts lwrp\">\r\n            <h3 class=\"lwrp-title\">Related Posts<\/h3>    \r\n        <div class=\"lwrp-list-container\">\r\n                                            <ul class=\"lwrp-list lwrp-list-single\">\r\n                    <li class=\"lwrp-list-item\"><a href=\"https:\/\/vapetravellers.eu\/fi\/kertakayttoiset-elektroniset-savukkeet\/\" class=\"lwrp-list-link\"><span class=\"lwrp-list-link-title-text\">Kertak\u00e4ytt\u00f6iset elektroniset savukkeet<\/span><\/a><\/li><li class=\"lwrp-list-item\"><a href=\"https:\/\/vapetravellers.eu\/pt-pt\/comparacao-de-feather-professional-soft-guard-feather-artist-club-proguard-qual-lamina-se-adapta-as-suas-necessidades\/\" class=\"lwrp-list-link\"><img width=\"480\" src=\"https:\/\/vapetravellers.eu\/wp-content\/uploads\/2024\/11\/S3_img6.jpg\"><br><span class=\"lwrp-list-link-title-text\">Compara\u00e7\u00e3o de Feather Professional Soft Guard &amp; Feather Artist Club ProGuard: Qual l\u00e2mina se adapta \u00e0s suas necessidades?<\/span><\/a><\/li><li class=\"lwrp-list-item\"><a href=\"https:\/\/vapetravellers.eu\/en\/vape-travellers-shop-cart\/\" class=\"lwrp-list-link\"><span class=\"lwrp-list-link-title-text\">Vape Travellers Shop Cart<\/span><\/a><\/li><li class=\"lwrp-list-item\"><a href=\"https:\/\/vapetravellers.eu\/faigh-tairgi\/\" class=\"lwrp-list-link\"><span class=\"lwrp-list-link-title-text\">Faigh T\u00e1irg\u00ed<\/span><\/a><\/li><li class=\"lwrp-list-item\"><a href=\"https:\/\/vapetravellers.eu\/lt\/aciu\/\" class=\"lwrp-list-link\"><span class=\"lwrp-list-link-title-text\">A\u010di\u016b!<\/span><\/a><\/li><li class=\"lwrp-list-item\"><a href=\"https:\/\/vapetravellers.eu\/lt\/projektas-1-peilis-13-masinu-2\/\" class=\"lwrp-list-link\"><span class=\"lwrp-list-link-title-text\">Projektas: 1 peilis 13 ma\u0161in\u0173<\/span><\/a><\/li><li class=\"lwrp-list-item\"><a href=\"https:\/\/vapetravellers.eu\/es\/arte-del-vapeo\/\" class=\"lwrp-list-link\"><img width=\"480\" src=\"https:\/\/vapetravellers.eu\/wp-content\/uploads\/2023\/08\/Vaping8-1.jpeg\"><br><span class=\"lwrp-list-link-title-text\">arte del vapeo<\/span><\/a><\/li><li class=\"lwrp-list-item\"><a href=\"https:\/\/vapetravellers.eu\/sk\/obchodne-podmienky\/\" class=\"lwrp-list-link\"><span class=\"lwrp-list-link-title-text\">Obchodn\u00e9 podmienky<\/span><\/a><\/li>                <\/ul>\r\n                        <\/div>\r\n<\/div>","protected":false},"excerpt":{"rendered":"<p>Related Posts Kertak\u00e4ytt\u00f6iset elektroniset savukkeetCompara\u00e7\u00e3o de Feather Professional Soft Guard &amp; Feather Artist Club ProGuard: Qual l\u00e2mina se adapta \u00e0s suas necessidades?Vape Travellers Shop CartFaigh T\u00e1irg\u00edA\u010di\u016b!Projektas: 1 peilis 13 ma\u0161in\u0173arte del vapeoObchodn\u00e9 podmienky<\/p>\n","protected":false},"author":22,"featured_media":0,"parent":0,"menu_order":0,"comment_status":"closed","ping_status":"closed","template":"","meta":{"footnotes":""},"class_list":["post-2097705","page","type-page","status-publish","hentry"],"jetpack_sharing_enabled":true,"_links":{"self":[{"href":"https:\/\/vapetravellers.eu\/en\/wp-json\/wp\/v2\/pages\/2097705","targetHints":{"allow":["GET"]}}],"collection":[{"href":"https:\/\/vapetravellers.eu\/en\/wp-json\/wp\/v2\/pages"}],"about":[{"href":"https:\/\/vapetravellers.eu\/en\/wp-json\/wp\/v2\/types\/page"}],"author":[{"embeddable":true,"href":"https:\/\/vapetravellers.eu\/en\/wp-json\/wp\/v2\/users\/22"}],"replies":[{"embeddable":true,"href":"https:\/\/vapetravellers.eu\/en\/wp-json\/wp\/v2\/comments?post=2097705"}],"version-history":[{"count":0,"href":"https:\/\/vapetravellers.eu\/en\/wp-json\/wp\/v2\/pages\/2097705\/revisions"}],"wp:attachment":[{"href":"https:\/\/vapetravellers.eu\/en\/wp-json\/wp\/v2\/media?parent=2097705"}],"curies":[{"name":"wp","href":"https:\/\/api.w.org\/{rel}","templated":true}]}}