{"id":616647,"date":"2023-08-14T15:40:56","date_gmt":"2023-08-14T12:40:56","guid":{"rendered":"https:\/\/vapetravellers.eu\/vape-art\/"},"modified":"2023-08-14T18:14:49","modified_gmt":"2023-08-14T15:14:49","slug":"vape-art","status":"publish","type":"page","link":"https:\/\/vapetravellers.eu\/en\/vape-art\/","title":{"rendered":"Vape Art&#8230;"},"content":{"rendered":"\n<p>Vape Art&#8230; In every line, the life of the vape emerges; a painting where imagination coexists with reality.<\/p>\n\n<figure class=\"wp-block-image size-full\"><img fetchpriority=\"high\" decoding=\"async\" width=\"1024\" height=\"1024\" src=\"https:\/\/vapetravellers.eu\/wp-content\/uploads\/2023\/08\/Vaping6.jpeg\" alt=\"\" class=\"wp-image-616082\" title=\"\" srcset=\"https:\/\/vapetravellers.eu\/wp-content\/uploads\/2023\/08\/Vaping6.jpeg 1024w, https:\/\/vapetravellers.eu\/wp-content\/uploads\/2023\/08\/Vaping6-990x990.jpeg 990w, https:\/\/vapetravellers.eu\/wp-content\/uploads\/2023\/08\/Vaping6-441x441.jpeg 441w, https:\/\/vapetravellers.eu\/wp-content\/uploads\/2023\/08\/Vaping6-100x100.jpeg 100w, https:\/\/vapetravellers.eu\/wp-content\/uploads\/2023\/08\/Vaping6-150x150.jpeg 150w, https:\/\/vapetravellers.eu\/wp-content\/uploads\/2023\/08\/Vaping6-600x600.jpeg 600w, https:\/\/vapetravellers.eu\/wp-content\/uploads\/2023\/08\/Vaping6-300x300.jpeg 300w, https:\/\/vapetravellers.eu\/wp-content\/uploads\/2023\/08\/Vaping6-768x768.jpeg 768w, https:\/\/vapetravellers.eu\/wp-content\/uploads\/2023\/08\/Vaping6-64x64.jpeg 64w, https:\/\/vapetravellers.eu\/wp-content\/uploads\/2023\/08\/Vaping6-400x400.jpeg 400w\" sizes=\"(max-width: 1024px) 100vw, 1024px\" \/><\/figure>\n<style>\r\n.lwrp.link-whisper-related-posts{\r\n            \r\n            margin-top: 40px;\nmargin-bottom: 30px;\r\n        }\r\n        .lwrp .lwrp-title{\r\n            \r\n            \r\n        }.lwrp .lwrp-description{\r\n            \r\n            \r\n\r\n        }\r\n        .lwrp .lwrp-list-container{\r\n        }\r\n        .lwrp .lwrp-list-multi-container{\r\n            display: flex;\r\n        }\r\n        .lwrp .lwrp-list-double{\r\n            width: 48%;\r\n        }\r\n        .lwrp .lwrp-list-triple{\r\n            width: 32%;\r\n        }\r\n        .lwrp .lwrp-list-row-container{\r\n            display: flex;\r\n            justify-content: space-between;\r\n        }\r\n        .lwrp .lwrp-list-row-container .lwrp-list-item{\r\n            width: calc(12% - 20px);\r\n        }\r\n        .lwrp .lwrp-list-item:not(.lwrp-no-posts-message-item){\r\n            \r\n            max-width: 150px;\r\n        }\r\n        .lwrp .lwrp-list-item img{\r\n            max-width: 100%;\r\n            height: auto;\r\n            object-fit: cover;\r\n            aspect-ratio: 1 \/ 1;\r\n        }\r\n        .lwrp .lwrp-list-item.lwrp-empty-list-item{\r\n            background: initial !important;\r\n        }\r\n        .lwrp .lwrp-list-item .lwrp-list-link .lwrp-list-link-title-text,\r\n        .lwrp .lwrp-list-item .lwrp-list-no-posts-message{\r\n            \r\n            \r\n            \r\n            \r\n        }@media screen and (max-width: 480px) {\r\n            .lwrp.link-whisper-related-posts{\r\n                \r\n                \r\n            }\r\n            .lwrp .lwrp-title{\r\n                \r\n                \r\n            }.lwrp .lwrp-description{\r\n                \r\n                \r\n            }\r\n            .lwrp .lwrp-list-multi-container{\r\n                flex-direction: column;\r\n            }\r\n            .lwrp .lwrp-list-multi-container ul.lwrp-list{\r\n                margin-top: 0px;\r\n                margin-bottom: 0px;\r\n                padding-top: 0px;\r\n                padding-bottom: 0px;\r\n            }\r\n            .lwrp .lwrp-list-double,\r\n            .lwrp .lwrp-list-triple{\r\n                width: 100%;\r\n            }\r\n            .lwrp .lwrp-list-row-container{\r\n                justify-content: initial;\r\n                flex-direction: column;\r\n            }\r\n            .lwrp .lwrp-list-row-container .lwrp-list-item{\r\n                width: 100%;\r\n            }\r\n            .lwrp .lwrp-list-item:not(.lwrp-no-posts-message-item){\r\n                \r\n                max-width: initial;\r\n            }\r\n            .lwrp .lwrp-list-item .lwrp-list-link .lwrp-list-link-title-text,\r\n            .lwrp .lwrp-list-item .lwrp-list-no-posts-message{\r\n                \r\n                \r\n                \r\n                \r\n            };\r\n        }<\/style>\r\n<div id=\"link-whisper-related-posts-widget\" class=\"link-whisper-related-posts lwrp\">\r\n            <h3 class=\"lwrp-title\">Related Posts<\/h3>    \r\n        <div class=\"lwrp-list-container\">\r\n                                            <ul class=\"lwrp-list lwrp-list-single\">\r\n                    <li class=\"lwrp-list-item\"><a href=\"https:\/\/vapetravellers.eu\/en\/ohms-law-calculator\/\" class=\"lwrp-list-link\"><span class=\"lwrp-list-link-title-text\">Ohms Legea Calculator<\/span><\/a><\/li><li class=\"lwrp-list-item\"><a href=\"https:\/\/vapetravellers.eu\/%d0%bd%d0%b0%d0%bc%d0%b8%d1%80%d0%b0%d0%bd%d0%b5-%d0%bd%d0%b0-%d0%bf%d1%80%d0%be%d0%b4%d1%83%d0%ba%d1%82%d0%b8-2\/\" class=\"lwrp-list-link\"><img width=\"480\" src=\"https:\/\/vapetravellers.eu\/wp-content\/uploads\/2024\/01\/Search_Engine1-1024x585.png\"><br><span class=\"lwrp-list-link-title-text\">\u041d\u0430\u043c\u0438\u0440\u0430\u043d\u0435 \u043d\u0430 \u043f\u0440\u043e\u0434\u0443\u043a\u0442\u0438<\/span><\/a><\/li><li class=\"lwrp-list-item\"><a href=\"https:\/\/vapetravellers.eu\/en\/offers-travellers-sales\/\" class=\"lwrp-list-link\"><span class=\"lwrp-list-link-title-text\">Aj\u00e1nlatok &#8211; Utaz\u00f3k \u00e9rt\u00e9kes\u00edt\u00e9se<\/span><\/a><\/li><li class=\"lwrp-list-item\"><a href=\"https:\/\/vapetravellers.eu\/en\/manufacturers-index\/\" class=\"lwrp-list-link\"><span class=\"lwrp-list-link-title-text\">Inn\u00e9acs D\u00e9ant\u00fas\u00f3ir\u00ed<\/span><\/a><\/li><li class=\"lwrp-list-item\"><a href=\"https:\/\/vapetravellers.eu\/en\/vape-art-3\/\" class=\"lwrp-list-link\"><span class=\"lwrp-list-link-title-text\">Vape Art&#8230;<\/span><\/a><\/li><li class=\"lwrp-list-item\"><a href=\"https:\/\/vapetravellers.eu\/en\/ohms-law-calculator\/\" class=\"lwrp-list-link\"><span class=\"lwrp-list-link-title-text\">Kalkulator prawa Ohma<\/span><\/a><\/li><li class=\"lwrp-list-item\"><a href=\"https:\/\/vapetravellers.eu\/znajdowanie-produktow\/\" class=\"lwrp-list-link\"><span class=\"lwrp-list-link-title-text\">Znajdowanie produkt\u00f3w<\/span><\/a><\/li><li class=\"lwrp-list-item\"><a href=\"https:\/\/vapetravellers.eu\/en\/vape-art-3\/\" class=\"lwrp-list-link\"><span class=\"lwrp-list-link-title-text\">Vape Art&#8230;<\/span><\/a><\/li>                <\/ul>\r\n                        <\/div>\r\n<\/div>","protected":false},"excerpt":{"rendered":"<p>Vape Art&#8230; In every line, the life of the vape emerges; a painting where imagination coexists with reality. Related Posts Ohms Legea Calculator\u041d\u0430\u043c\u0438\u0440\u0430\u043d\u0435 \u043d\u0430 \u043f\u0440\u043e\u0434\u0443\u043a\u0442\u0438Aj\u00e1nlatok &#8211; Utaz\u00f3k \u00e9rt\u00e9kes\u00edt\u00e9seInn\u00e9acs D\u00e9ant\u00fas\u00f3ir\u00edVape Art&#8230;Kalkulator prawa OhmaZnajdowanie produkt\u00f3wVape Art&#8230;<\/p>\n","protected":false},"author":22,"featured_media":0,"parent":0,"menu_order":0,"comment_status":"closed","ping_status":"closed","template":"","meta":{"footnotes":""},"class_list":["post-616647","page","type-page","status-publish","hentry"],"jetpack_sharing_enabled":true,"_links":{"self":[{"href":"https:\/\/vapetravellers.eu\/en\/wp-json\/wp\/v2\/pages\/616647","targetHints":{"allow":["GET"]}}],"collection":[{"href":"https:\/\/vapetravellers.eu\/en\/wp-json\/wp\/v2\/pages"}],"about":[{"href":"https:\/\/vapetravellers.eu\/en\/wp-json\/wp\/v2\/types\/page"}],"author":[{"embeddable":true,"href":"https:\/\/vapetravellers.eu\/en\/wp-json\/wp\/v2\/users\/22"}],"replies":[{"embeddable":true,"href":"https:\/\/vapetravellers.eu\/en\/wp-json\/wp\/v2\/comments?post=616647"}],"version-history":[{"count":0,"href":"https:\/\/vapetravellers.eu\/en\/wp-json\/wp\/v2\/pages\/616647\/revisions"}],"wp:attachment":[{"href":"https:\/\/vapetravellers.eu\/en\/wp-json\/wp\/v2\/media?parent=616647"}],"curies":[{"name":"wp","href":"https:\/\/api.w.org\/{rel}","templated":true}]}}