{"id":619094,"date":"2023-08-14T15:33:14","date_gmt":"2023-08-14T12:33:14","guid":{"rendered":"https:\/\/vapetravellers.eu\/vape-art-2\/"},"modified":"2023-08-14T15:33:14","modified_gmt":"2023-08-14T12:33:14","slug":"vape-art-2","status":"publish","type":"page","link":"https:\/\/vapetravellers.eu\/en\/vape-art-2\/","title":{"rendered":"Vape Art&#8230;"},"content":{"rendered":"<style>\r\n.lwrp.link-whisper-related-posts{\r\n            \r\n            margin-top: 40px;\nmargin-bottom: 30px;\r\n        }\r\n        .lwrp .lwrp-title{\r\n            \r\n            \r\n        }.lwrp .lwrp-description{\r\n            \r\n            \r\n\r\n        }\r\n        .lwrp .lwrp-list-container{\r\n        }\r\n        .lwrp .lwrp-list-multi-container{\r\n            display: flex;\r\n        }\r\n        .lwrp .lwrp-list-double{\r\n            width: 48%;\r\n        }\r\n        .lwrp .lwrp-list-triple{\r\n            width: 32%;\r\n        }\r\n        .lwrp .lwrp-list-row-container{\r\n            display: flex;\r\n            justify-content: space-between;\r\n        }\r\n        .lwrp .lwrp-list-row-container .lwrp-list-item{\r\n            width: calc(12% - 20px);\r\n        }\r\n        .lwrp .lwrp-list-item:not(.lwrp-no-posts-message-item){\r\n            \r\n            max-width: 150px;\r\n        }\r\n        .lwrp .lwrp-list-item img{\r\n            max-width: 100%;\r\n            height: auto;\r\n            object-fit: cover;\r\n            aspect-ratio: 1 \/ 1;\r\n        }\r\n        .lwrp .lwrp-list-item.lwrp-empty-list-item{\r\n            background: initial !important;\r\n        }\r\n        .lwrp .lwrp-list-item .lwrp-list-link .lwrp-list-link-title-text,\r\n        .lwrp .lwrp-list-item .lwrp-list-no-posts-message{\r\n            \r\n            \r\n            \r\n            \r\n        }@media screen and (max-width: 480px) {\r\n            .lwrp.link-whisper-related-posts{\r\n                \r\n                \r\n            }\r\n            .lwrp .lwrp-title{\r\n                \r\n                \r\n            }.lwrp .lwrp-description{\r\n                \r\n                \r\n            }\r\n            .lwrp .lwrp-list-multi-container{\r\n                flex-direction: column;\r\n            }\r\n            .lwrp .lwrp-list-multi-container ul.lwrp-list{\r\n                margin-top: 0px;\r\n                margin-bottom: 0px;\r\n                padding-top: 0px;\r\n                padding-bottom: 0px;\r\n            }\r\n            .lwrp .lwrp-list-double,\r\n            .lwrp .lwrp-list-triple{\r\n                width: 100%;\r\n            }\r\n            .lwrp .lwrp-list-row-container{\r\n                justify-content: initial;\r\n                flex-direction: column;\r\n            }\r\n            .lwrp .lwrp-list-row-container .lwrp-list-item{\r\n                width: 100%;\r\n            }\r\n            .lwrp .lwrp-list-item:not(.lwrp-no-posts-message-item){\r\n                \r\n                max-width: initial;\r\n            }\r\n            .lwrp .lwrp-list-item .lwrp-list-link .lwrp-list-link-title-text,\r\n            .lwrp .lwrp-list-item .lwrp-list-no-posts-message{\r\n                \r\n                \r\n                \r\n                \r\n            };\r\n        }<\/style>\r\n<div id=\"link-whisper-related-posts-widget\" class=\"link-whisper-related-posts lwrp\">\r\n            <h3 class=\"lwrp-title\">Related Posts<\/h3>    \r\n        <div class=\"lwrp-list-container\">\r\n                                            <ul class=\"lwrp-list lwrp-list-single\">\r\n                    <li class=\"lwrp-list-item\"><a href=\"https:\/\/vapetravellers.eu\/finding-products\/\" class=\"lwrp-list-link\"><span class=\"lwrp-list-link-title-text\">Finding Products<\/span><\/a><\/li><li class=\"lwrp-list-item\"><a href=\"https:\/\/vapetravellers.eu\/en\/prohibition-of-export-sale-of-tobacco-products-to-european-union-countries\/\" class=\"lwrp-list-link\"><span class=\"lwrp-list-link-title-text\">Toirmeasc ar onnmhairi\u00fa &#8211; t\u00e1irg\u00ed tobac a dh\u00edol le t\u00edortha an Aontais Eorpaigh<\/span><\/a><\/li><li class=\"lwrp-list-item\"><a href=\"https:\/\/vapetravellers.eu\/en\/manufacturers-index\/\" class=\"lwrp-list-link\"><span class=\"lwrp-list-link-title-text\">Index v\u00fdrobcov<\/span><\/a><\/li><li class=\"lwrp-list-item\"><a href=\"https:\/\/vapetravellers.eu\/en\/45000-click-in-google-search\/\" class=\"lwrp-list-link\"><img width=\"480\" src=\"https:\/\/vapetravellers.eu\/wp-content\/uploads\/2023\/02\/45K_Clicks_in_Google_Search.png\"><br><span class=\"lwrp-list-link-title-text\">45000 &#8220;Click &#8221; in Google Search!<\/span><\/a><\/li><li class=\"lwrp-list-item\"><a href=\"https:\/\/vapetravellers.eu\/en\/traditional-safety-razor-shaving-de-shaving\/\" class=\"lwrp-list-link\"><span class=\"lwrp-list-link-title-text\">Tqaxxir tal-le\u0127ja tal-le\u0127ja tas-sigurt\u00e0 tradizzjonali (le\u0127ja DE)<\/span><\/a><\/li><li class=\"lwrp-list-item\"><a href=\"https:\/\/vapetravellers.eu\/en\/prohibition-of-export-sale-of-tobacco-products-to-european-union-countries\/\" class=\"lwrp-list-link\"><span class=\"lwrp-list-link-title-text\">Prohibici\u00f3n de exportaci\u00f3n &#8211; Venta de productos de tabaco a pa\u00edses de la Uni\u00f3n Europea<\/span><\/a><\/li><li class=\"lwrp-list-item\"><a href=\"https:\/\/vapetravellers.eu\/encontrar-productos\/\" class=\"lwrp-list-link\"><span class=\"lwrp-list-link-title-text\">Encontrar productos<\/span><\/a><\/li><li class=\"lwrp-list-item\"><a href=\"https:\/\/vapetravellers.eu\/en\/\" class=\"lwrp-list-link\"><span class=\"lwrp-list-link-title-text\"><\/span><\/a><\/li>                <\/ul>\r\n                        <\/div>\r\n<\/div>","protected":false},"excerpt":{"rendered":"<p>Related Posts Finding ProductsToirmeasc ar onnmhairi\u00fa &#8211; t\u00e1irg\u00ed tobac a dh\u00edol le t\u00edortha an Aontais EorpaighIndex v\u00fdrobcov45000 &#8220;Click &#8221; in Google Search!Tqaxxir tal-le\u0127ja tal-le\u0127ja tas-sigurt\u00e0 tradizzjonali (le\u0127ja DE)Prohibici\u00f3n de exportaci\u00f3n &#8211; Venta de productos de tabaco a pa\u00edses de la Uni\u00f3n EuropeaEncontrar productos<\/p>\n","protected":false},"author":22,"featured_media":0,"parent":0,"menu_order":0,"comment_status":"closed","ping_status":"closed","template":"","meta":{"footnotes":""},"class_list":["post-619094","page","type-page","status-publish","hentry"],"jetpack_sharing_enabled":true,"_links":{"self":[{"href":"https:\/\/vapetravellers.eu\/en\/wp-json\/wp\/v2\/pages\/619094","targetHints":{"allow":["GET"]}}],"collection":[{"href":"https:\/\/vapetravellers.eu\/en\/wp-json\/wp\/v2\/pages"}],"about":[{"href":"https:\/\/vapetravellers.eu\/en\/wp-json\/wp\/v2\/types\/page"}],"author":[{"embeddable":true,"href":"https:\/\/vapetravellers.eu\/en\/wp-json\/wp\/v2\/users\/22"}],"replies":[{"embeddable":true,"href":"https:\/\/vapetravellers.eu\/en\/wp-json\/wp\/v2\/comments?post=619094"}],"version-history":[{"count":0,"href":"https:\/\/vapetravellers.eu\/en\/wp-json\/wp\/v2\/pages\/619094\/revisions"}],"wp:attachment":[{"href":"https:\/\/vapetravellers.eu\/en\/wp-json\/wp\/v2\/media?parent=619094"}],"curies":[{"name":"wp","href":"https:\/\/api.w.org\/{rel}","templated":true}]}}