{"id":619335,"date":"2023-08-14T15:27:03","date_gmt":"2023-08-14T12:27:03","guid":{"rendered":"https:\/\/vapetravellers.eu\/vape-art-3\/"},"modified":"2023-08-14T15:27:03","modified_gmt":"2023-08-14T12:27:03","slug":"vape-art-3","status":"publish","type":"page","link":"https:\/\/vapetravellers.eu\/en\/vape-art-3\/","title":{"rendered":"Vape Art&#8230;"},"content":{"rendered":"<style>\r\n.lwrp.link-whisper-related-posts{\r\n            \r\n            margin-top: 40px;\nmargin-bottom: 30px;\r\n        }\r\n        .lwrp .lwrp-title{\r\n            \r\n            \r\n        }.lwrp .lwrp-description{\r\n            \r\n            \r\n\r\n        }\r\n        .lwrp .lwrp-list-container{\r\n        }\r\n        .lwrp .lwrp-list-multi-container{\r\n            display: flex;\r\n        }\r\n        .lwrp .lwrp-list-double{\r\n            width: 48%;\r\n        }\r\n        .lwrp .lwrp-list-triple{\r\n            width: 32%;\r\n        }\r\n        .lwrp .lwrp-list-row-container{\r\n            display: flex;\r\n            justify-content: space-between;\r\n        }\r\n        .lwrp .lwrp-list-row-container .lwrp-list-item{\r\n            width: calc(12% - 20px);\r\n        }\r\n        .lwrp .lwrp-list-item:not(.lwrp-no-posts-message-item){\r\n            \r\n            max-width: 150px;\r\n        }\r\n        .lwrp .lwrp-list-item img{\r\n            max-width: 100%;\r\n            height: auto;\r\n            object-fit: cover;\r\n            aspect-ratio: 1 \/ 1;\r\n        }\r\n        .lwrp .lwrp-list-item.lwrp-empty-list-item{\r\n            background: initial !important;\r\n        }\r\n        .lwrp .lwrp-list-item .lwrp-list-link .lwrp-list-link-title-text,\r\n        .lwrp .lwrp-list-item .lwrp-list-no-posts-message{\r\n            \r\n            \r\n            \r\n            \r\n        }@media screen and (max-width: 480px) {\r\n            .lwrp.link-whisper-related-posts{\r\n                \r\n                \r\n            }\r\n            .lwrp .lwrp-title{\r\n                \r\n                \r\n            }.lwrp .lwrp-description{\r\n                \r\n                \r\n            }\r\n            .lwrp .lwrp-list-multi-container{\r\n                flex-direction: column;\r\n            }\r\n            .lwrp .lwrp-list-multi-container ul.lwrp-list{\r\n                margin-top: 0px;\r\n                margin-bottom: 0px;\r\n                padding-top: 0px;\r\n                padding-bottom: 0px;\r\n            }\r\n            .lwrp .lwrp-list-double,\r\n            .lwrp .lwrp-list-triple{\r\n                width: 100%;\r\n            }\r\n            .lwrp .lwrp-list-row-container{\r\n                justify-content: initial;\r\n                flex-direction: column;\r\n            }\r\n            .lwrp .lwrp-list-row-container .lwrp-list-item{\r\n                width: 100%;\r\n            }\r\n            .lwrp .lwrp-list-item:not(.lwrp-no-posts-message-item){\r\n                \r\n                max-width: initial;\r\n            }\r\n            .lwrp .lwrp-list-item .lwrp-list-link .lwrp-list-link-title-text,\r\n            .lwrp .lwrp-list-item .lwrp-list-no-posts-message{\r\n                \r\n                \r\n                \r\n                \r\n            };\r\n        }<\/style>\r\n<div id=\"link-whisper-related-posts-widget\" class=\"link-whisper-related-posts lwrp\">\r\n            <h3 class=\"lwrp-title\">Related Posts<\/h3>    \r\n        <div class=\"lwrp-list-container\">\r\n                                            <ul class=\"lwrp-list lwrp-list-single\">\r\n                    <li class=\"lwrp-list-item\"><a href=\"https:\/\/vapetravellers.eu\/en\/ohms-law-calculator\/\" class=\"lwrp-list-link\"><span class=\"lwrp-list-link-title-text\">Ohmsches Gesetz Rechner<\/span><\/a><\/li><li class=\"lwrp-list-item\"><a href=\"https:\/\/vapetravellers.eu\/en\/terms-and-conditions\/\" class=\"lwrp-list-link\"><span class=\"lwrp-list-link-title-text\">S\u00e4\u00e4nn\u00f6t ja ehdot<\/span><\/a><\/li><li class=\"lwrp-list-item\"><a href=\"https:\/\/vapetravellers.eu\/terms-of-use\/\" class=\"lwrp-list-link\"><span class=\"lwrp-list-link-title-text\">Terms Of Use<\/span><\/a><\/li><li class=\"lwrp-list-item\"><a href=\"https:\/\/vapetravellers.eu\/en\/feather-professional-soft-guard-feather-artist-club-proguard-comparison-which-blade-fits-your-needs\/\" class=\"lwrp-list-link\"><img width=\"480\" src=\"https:\/\/vapetravellers.eu\/wp-content\/uploads\/2024\/11\/S3_img6.jpg\"><br><span class=\"lwrp-list-link-title-text\">Feather Professional Soft Guard &amp; Feather Artist Club ProGuard-sammenligning: Hvilket blad passer til dine behov?<\/span><\/a><\/li><li class=\"lwrp-list-item\"><a href=\"https:\/\/vapetravellers.eu\/en\/wish-list-2\/\" class=\"lwrp-list-link\"><span class=\"lwrp-list-link-title-text\">Lista \u017cycze\u0144<\/span><\/a><\/li><li class=\"lwrp-list-item\"><a href=\"https:\/\/vapetravellers.eu\/en\/vape-pop-art\/\" class=\"lwrp-list-link\"><img width=\"480\" height=\"480\" src=\"https:\/\/vapetravellers.eu\/wp-content\/uploads\/2023\/08\/Vaping11-600x600.jpeg\" class=\"attachment-480x480 size-480x480 wp-post-image\" alt=\"\" srcset=\"https:\/\/vapetravellers.eu\/wp-content\/uploads\/2023\/08\/Vaping11-600x600.jpeg 600w, https:\/\/vapetravellers.eu\/wp-content\/uploads\/2023\/08\/Vaping11-990x990.jpeg 990w, https:\/\/vapetravellers.eu\/wp-content\/uploads\/2023\/08\/Vaping11-441x441.jpeg 441w, https:\/\/vapetravellers.eu\/wp-content\/uploads\/2023\/08\/Vaping11-100x100.jpeg 100w, https:\/\/vapetravellers.eu\/wp-content\/uploads\/2023\/08\/Vaping11-150x150.jpeg 150w, https:\/\/vapetravellers.eu\/wp-content\/uploads\/2023\/08\/Vaping11-300x300.jpeg 300w, https:\/\/vapetravellers.eu\/wp-content\/uploads\/2023\/08\/Vaping11-768x768.jpeg 768w, https:\/\/vapetravellers.eu\/wp-content\/uploads\/2023\/08\/Vaping11-400x400.jpeg 400w, https:\/\/vapetravellers.eu\/wp-content\/uploads\/2023\/08\/Vaping11-64x64.jpeg 64w, https:\/\/vapetravellers.eu\/wp-content\/uploads\/2023\/08\/Vaping11.jpeg 1024w\" sizes=\"(max-width: 480px) 100vw, 480px\" title=\"\"><br><span class=\"lwrp-list-link-title-text\">Vape Pop Art&#8230;<\/span><\/a><\/li><li class=\"lwrp-list-item\"><a href=\"https:\/\/vapetravellers.eu\/en\/nicotine-from-a-to-z\/\" class=\"lwrp-list-link\"><img width=\"480\" src=\"https:\/\/vapetravellers.eu\/wp-content\/uploads\/2019\/08\/573px-Nicotine.svg_.png\"><br><span class=\"lwrp-list-link-title-text\">Nicotine from A to Z&#8230;<\/span><\/a><\/li><li class=\"lwrp-list-item\"><a href=\"https:\/\/vapetravellers.eu\/en\/nicotine-from-a-to-z\/\" class=\"lwrp-list-link\"><img width=\"480\" src=\"https:\/\/vapetravellers.eu\/wp-content\/uploads\/2019\/08\/573px-Nicotine.svg_.png\"><br><span class=\"lwrp-list-link-title-text\">Nikotin od A do \u017d&#8230;<\/span><\/a><\/li>                <\/ul>\r\n                        <\/div>\r\n<\/div>","protected":false},"excerpt":{"rendered":"<p>Related Posts Ohmsches Gesetz RechnerS\u00e4\u00e4nn\u00f6t ja ehdotTerms Of UseFeather Professional Soft Guard &amp; Feather Artist Club ProGuard-sammenligning: Hvilket blad passer til dine behov?Lista \u017cycze\u0144Vape Pop Art&#8230;Nicotine from A to Z&#8230;Nikotin od A do \u017d&#8230;<\/p>\n","protected":false},"author":22,"featured_media":0,"parent":0,"menu_order":0,"comment_status":"closed","ping_status":"closed","template":"","meta":{"footnotes":""},"class_list":["post-619335","page","type-page","status-publish","hentry"],"jetpack_sharing_enabled":true,"_links":{"self":[{"href":"https:\/\/vapetravellers.eu\/en\/wp-json\/wp\/v2\/pages\/619335","targetHints":{"allow":["GET"]}}],"collection":[{"href":"https:\/\/vapetravellers.eu\/en\/wp-json\/wp\/v2\/pages"}],"about":[{"href":"https:\/\/vapetravellers.eu\/en\/wp-json\/wp\/v2\/types\/page"}],"author":[{"embeddable":true,"href":"https:\/\/vapetravellers.eu\/en\/wp-json\/wp\/v2\/users\/22"}],"replies":[{"embeddable":true,"href":"https:\/\/vapetravellers.eu\/en\/wp-json\/wp\/v2\/comments?post=619335"}],"version-history":[{"count":0,"href":"https:\/\/vapetravellers.eu\/en\/wp-json\/wp\/v2\/pages\/619335\/revisions"}],"wp:attachment":[{"href":"https:\/\/vapetravellers.eu\/en\/wp-json\/wp\/v2\/media?parent=619335"}],"curies":[{"name":"wp","href":"https:\/\/api.w.org\/{rel}","templated":true}]}}