{"id":749658,"date":"2024-01-12T01:37:08","date_gmt":"2024-01-11T22:37:08","guid":{"rendered":"https:\/\/vapetravellers.eu\/finding-products\/"},"modified":"2024-02-16T21:05:35","modified_gmt":"2024-02-16T18:05:35","slug":"finding-products","status":"publish","type":"page","link":"https:\/\/vapetravellers.eu\/en\/finding-products\/","title":{"rendered":"Finding Products"},"content":{"rendered":"\n<figure class=\"wp-block-image size-large is-style-rounded\"><img fetchpriority=\"high\" decoding=\"async\" width=\"1024\" height=\"585\" src=\"https:\/\/vapetravellers.eu\/wp-content\/uploads\/2024\/01\/Search_Engine1-1024x585.png\" alt=\"\" class=\"wp-image-747670\" title=\"\" srcset=\"https:\/\/vapetravellers.eu\/wp-content\/uploads\/2024\/01\/Search_Engine1-1024x585.png 1024w, https:\/\/vapetravellers.eu\/wp-content\/uploads\/2024\/01\/Search_Engine1-300x171.png 300w, https:\/\/vapetravellers.eu\/wp-content\/uploads\/2024\/01\/Search_Engine1-768x439.png 768w, https:\/\/vapetravellers.eu\/wp-content\/uploads\/2024\/01\/Search_Engine1-1536x878.png 1536w, https:\/\/vapetravellers.eu\/wp-content\/uploads\/2024\/01\/Search_Engine1-990x566.png 990w, https:\/\/vapetravellers.eu\/wp-content\/uploads\/2024\/01\/Search_Engine1-441x252.png 441w, https:\/\/vapetravellers.eu\/wp-content\/uploads\/2024\/01\/Search_Engine1-600x343.png 600w, https:\/\/vapetravellers.eu\/wp-content\/uploads\/2024\/01\/Search_Engine1-150x86.png 150w, https:\/\/vapetravellers.eu\/wp-content\/uploads\/2024\/01\/Search_Engine1.png 1792w\" sizes=\"(max-width: 1024px) 100vw, 1024px\" \/><\/figure>\n\n<p>Welcome to the search page of our e-cigarettes store! Here you&#8217;ll discover an amazing range of products, from the most popular e-cigarettes and vaporizers to original fragrances and refill liquids. Use the search bar to quickly find exactly what you&#8217;re looking for, whether you&#8217;re looking for the latest model of vaporizer or a specific liquid flavor. We&#8217;re here to guide you every step of the way, from choosing a device to buying the perfect refill fluid. Good search!<\/p>\n<form role=\"search\" method=\"get\" action=\"https:\/\/vapetravellers.eu\/en\/\" class=\"wp-block-search__button-outside wp-block-search__text-button wp-block-search\"    ><label class=\"wp-block-search__label\" for=\"wp-block-search__input-1\" >Search<\/label><div class=\"wp-block-search__inside-wrapper\" ><input class=\"wp-block-search__input\" id=\"wp-block-search__input-1\" placeholder=\"Search products...\" value=\"\" type=\"search\" name=\"s\" required \/><input type=\"hidden\" name=\"post_type\" value=\"product\" \/><button aria-label=\"Search\" class=\"wp-block-search__button wp-element-button\" type=\"submit\" >Search<\/button><\/div><\/form><style>\r\n.lwrp.link-whisper-related-posts{\r\n            \r\n            margin-top: 40px;\nmargin-bottom: 30px;\r\n        }\r\n        .lwrp .lwrp-title{\r\n            \r\n            \r\n        }.lwrp .lwrp-description{\r\n            \r\n            \r\n\r\n        }\r\n        .lwrp .lwrp-list-container{\r\n        }\r\n        .lwrp .lwrp-list-multi-container{\r\n            display: flex;\r\n        }\r\n        .lwrp .lwrp-list-double{\r\n            width: 48%;\r\n        }\r\n        .lwrp .lwrp-list-triple{\r\n            width: 32%;\r\n        }\r\n        .lwrp .lwrp-list-row-container{\r\n            display: flex;\r\n            justify-content: space-between;\r\n        }\r\n        .lwrp .lwrp-list-row-container .lwrp-list-item{\r\n            width: calc(12% - 20px);\r\n        }\r\n        .lwrp .lwrp-list-item:not(.lwrp-no-posts-message-item){\r\n            \r\n            max-width: 150px;\r\n        }\r\n        .lwrp .lwrp-list-item img{\r\n            max-width: 100%;\r\n            height: auto;\r\n            object-fit: cover;\r\n            aspect-ratio: 1 \/ 1;\r\n        }\r\n        .lwrp .lwrp-list-item.lwrp-empty-list-item{\r\n            background: initial !important;\r\n        }\r\n        .lwrp .lwrp-list-item .lwrp-list-link .lwrp-list-link-title-text,\r\n        .lwrp .lwrp-list-item .lwrp-list-no-posts-message{\r\n            \r\n            \r\n            \r\n            \r\n        }@media screen and (max-width: 480px) {\r\n            .lwrp.link-whisper-related-posts{\r\n                \r\n                \r\n            }\r\n            .lwrp .lwrp-title{\r\n                \r\n                \r\n            }.lwrp .lwrp-description{\r\n                \r\n                \r\n            }\r\n            .lwrp .lwrp-list-multi-container{\r\n                flex-direction: column;\r\n            }\r\n            .lwrp .lwrp-list-multi-container ul.lwrp-list{\r\n                margin-top: 0px;\r\n                margin-bottom: 0px;\r\n                padding-top: 0px;\r\n                padding-bottom: 0px;\r\n            }\r\n            .lwrp .lwrp-list-double,\r\n            .lwrp .lwrp-list-triple{\r\n                width: 100%;\r\n            }\r\n            .lwrp .lwrp-list-row-container{\r\n                justify-content: initial;\r\n                flex-direction: column;\r\n            }\r\n            .lwrp .lwrp-list-row-container .lwrp-list-item{\r\n                width: 100%;\r\n            }\r\n            .lwrp .lwrp-list-item:not(.lwrp-no-posts-message-item){\r\n                \r\n                max-width: initial;\r\n            }\r\n            .lwrp .lwrp-list-item .lwrp-list-link .lwrp-list-link-title-text,\r\n            .lwrp .lwrp-list-item .lwrp-list-no-posts-message{\r\n                \r\n                \r\n                \r\n                \r\n            };\r\n        }<\/style>\r\n<div id=\"link-whisper-related-posts-widget\" class=\"link-whisper-related-posts lwrp\">\r\n            <h3 class=\"lwrp-title\">Related Posts<\/h3>    \r\n        <div class=\"lwrp-list-container\">\r\n                                            <ul class=\"lwrp-list lwrp-list-single\">\r\n                    <li class=\"lwrp-list-item\"><a href=\"https:\/\/vapetravellers.eu\/lt\/pasiulymai-keliautoju-ispardavimas\/\" class=\"lwrp-list-link\"><span class=\"lwrp-list-link-title-text\">Pasi\u016blymai &#8211; Keliautoj\u0173 i\u0161pardavimas<\/span><\/a><\/li><li class=\"lwrp-list-item\"><a href=\"https:\/\/vapetravellers.eu\/tuotteiden-loytaminen\/\" class=\"lwrp-list-link\"><span class=\"lwrp-list-link-title-text\">Tuotteiden l\u00f6yt\u00e4minen<\/span><\/a><\/li><li class=\"lwrp-list-item\"><a href=\"https:\/\/vapetravellers.eu\/es\/productos\/\" class=\"lwrp-list-link\"><span class=\"lwrp-list-link-title-text\">Productos<\/span><\/a><\/li><li class=\"lwrp-list-item\"><a href=\"https:\/\/vapetravellers.eu\/vuse-go-guia-dels-millors-vapors-dun-sol-us\/\" class=\"lwrp-list-link\"><span class=\"lwrp-list-link-title-text\">Vuse Go: guia dels millors vapors d&#8217;un sol \u00fas<\/span><\/a><\/li><li class=\"lwrp-list-item\"><a href=\"https:\/\/vapetravellers.eu\/encontrar-productos\/\" class=\"lwrp-list-link\"><span class=\"lwrp-list-link-title-text\">Encontrar productos<\/span><\/a><\/li><li class=\"lwrp-list-item\"><a href=\"https:\/\/vapetravellers.eu\/it\/nicotina-dalla-a-alla-z\/\" class=\"lwrp-list-link\"><img width=\"480\" src=\"https:\/\/vapetravellers.eu\/wp-content\/uploads\/2019\/08\/573px-Nicotine.svg_.png\"><br><span class=\"lwrp-list-link-title-text\">Nicotina dalla A alla Z&#8230;<\/span><\/a><\/li><li class=\"lwrp-list-item\"><a href=\"https:\/\/vapetravellers.eu\/cs\/vape-art\/\" class=\"lwrp-list-link\"><img width=\"480\" src=\"https:\/\/vapetravellers.eu\/wp-content\/uploads\/2023\/08\/Vaping6.jpeg\"><br><span class=\"lwrp-list-link-title-text\">Vape Art&#8230;<\/span><\/a><\/li><li class=\"lwrp-list-item\"><a href=\"https:\/\/vapetravellers.eu\/lt\/vape-art\/\" class=\"lwrp-list-link\"><img width=\"480\" src=\"https:\/\/vapetravellers.eu\/wp-content\/uploads\/2023\/08\/Vaping6.jpeg\"><br><span class=\"lwrp-list-link-title-text\">Vape Art&#8230;<\/span><\/a><\/li>                <\/ul>\r\n                        <\/div>\r\n<\/div>","protected":false},"excerpt":{"rendered":"<p>Welcome to the search page of our e-cigarettes store! Here you&#8217;ll discover an amazing range of products, from the most popular e-cigarettes and vaporizers to original fragrances and refill liquids. Use the search bar to quickly find exactly what you&#8217;re looking for, whether you&#8217;re looking for the latest model of vaporizer or a specific liquid [&hellip;]<\/p>\n","protected":false},"author":22,"featured_media":0,"parent":0,"menu_order":0,"comment_status":"closed","ping_status":"closed","template":"","meta":{"footnotes":""},"class_list":["post-749658","page","type-page","status-publish","hentry"],"jetpack_sharing_enabled":true,"_links":{"self":[{"href":"https:\/\/vapetravellers.eu\/en\/wp-json\/wp\/v2\/pages\/749658","targetHints":{"allow":["GET"]}}],"collection":[{"href":"https:\/\/vapetravellers.eu\/en\/wp-json\/wp\/v2\/pages"}],"about":[{"href":"https:\/\/vapetravellers.eu\/en\/wp-json\/wp\/v2\/types\/page"}],"author":[{"embeddable":true,"href":"https:\/\/vapetravellers.eu\/en\/wp-json\/wp\/v2\/users\/22"}],"replies":[{"embeddable":true,"href":"https:\/\/vapetravellers.eu\/en\/wp-json\/wp\/v2\/comments?post=749658"}],"version-history":[{"count":0,"href":"https:\/\/vapetravellers.eu\/en\/wp-json\/wp\/v2\/pages\/749658\/revisions"}],"wp:attachment":[{"href":"https:\/\/vapetravellers.eu\/en\/wp-json\/wp\/v2\/media?parent=749658"}],"curies":[{"name":"wp","href":"https:\/\/api.w.org\/{rel}","templated":true}]}}