{"id":947566,"date":"2024-03-20T12:28:41","date_gmt":"2024-03-20T09:28:41","guid":{"rendered":"https:\/\/vapetravellers.eu\/wish-list-2\/"},"modified":"2024-03-20T18:45:50","modified_gmt":"2024-03-20T15:45:50","slug":"wish-list-2","status":"publish","type":"page","link":"https:\/\/vapetravellers.eu\/en\/wish-list-2\/","title":{"rendered":"Wish List"},"content":{"rendered":"<p>[commercegurus_wishlist]<\/p>\n<style>\r\n.lwrp.link-whisper-related-posts{\r\n            \r\n            margin-top: 40px;\nmargin-bottom: 30px;\r\n        }\r\n        .lwrp .lwrp-title{\r\n            \r\n            \r\n        }.lwrp .lwrp-description{\r\n            \r\n            \r\n\r\n        }\r\n        .lwrp .lwrp-list-container{\r\n        }\r\n        .lwrp .lwrp-list-multi-container{\r\n            display: flex;\r\n        }\r\n        .lwrp .lwrp-list-double{\r\n            width: 48%;\r\n        }\r\n        .lwrp .lwrp-list-triple{\r\n            width: 32%;\r\n        }\r\n        .lwrp .lwrp-list-row-container{\r\n            display: flex;\r\n            justify-content: space-between;\r\n        }\r\n        .lwrp .lwrp-list-row-container .lwrp-list-item{\r\n            width: calc(12% - 20px);\r\n        }\r\n        .lwrp .lwrp-list-item:not(.lwrp-no-posts-message-item){\r\n            \r\n            max-width: 150px;\r\n        }\r\n        .lwrp .lwrp-list-item img{\r\n            max-width: 100%;\r\n            height: auto;\r\n            object-fit: cover;\r\n            aspect-ratio: 1 \/ 1;\r\n        }\r\n        .lwrp .lwrp-list-item.lwrp-empty-list-item{\r\n            background: initial !important;\r\n        }\r\n        .lwrp .lwrp-list-item .lwrp-list-link .lwrp-list-link-title-text,\r\n        .lwrp .lwrp-list-item .lwrp-list-no-posts-message{\r\n            \r\n            \r\n            \r\n            \r\n        }@media screen and (max-width: 480px) {\r\n            .lwrp.link-whisper-related-posts{\r\n                \r\n                \r\n            }\r\n            .lwrp .lwrp-title{\r\n                \r\n                \r\n            }.lwrp .lwrp-description{\r\n                \r\n                \r\n            }\r\n            .lwrp .lwrp-list-multi-container{\r\n                flex-direction: column;\r\n            }\r\n            .lwrp .lwrp-list-multi-container ul.lwrp-list{\r\n                margin-top: 0px;\r\n                margin-bottom: 0px;\r\n                padding-top: 0px;\r\n                padding-bottom: 0px;\r\n            }\r\n            .lwrp .lwrp-list-double,\r\n            .lwrp .lwrp-list-triple{\r\n                width: 100%;\r\n            }\r\n            .lwrp .lwrp-list-row-container{\r\n                justify-content: initial;\r\n                flex-direction: column;\r\n            }\r\n            .lwrp .lwrp-list-row-container .lwrp-list-item{\r\n                width: 100%;\r\n            }\r\n            .lwrp .lwrp-list-item:not(.lwrp-no-posts-message-item){\r\n                \r\n                max-width: initial;\r\n            }\r\n            .lwrp .lwrp-list-item .lwrp-list-link .lwrp-list-link-title-text,\r\n            .lwrp .lwrp-list-item .lwrp-list-no-posts-message{\r\n                \r\n                \r\n                \r\n                \r\n            };\r\n        }<\/style>\r\n<div id=\"link-whisper-related-posts-widget\" class=\"link-whisper-related-posts lwrp\">\r\n            <h3 class=\"lwrp-title\">Related Posts<\/h3>    \r\n        <div class=\"lwrp-list-container\">\r\n                                            <ul class=\"lwrp-list lwrp-list-single\">\r\n                    <li class=\"lwrp-list-item\"><a href=\"https:\/\/vapetravellers.eu\/en\/traditional-shaving-with-a-single-edge-razor-se-shaving\/\" class=\"lwrp-list-link\"><span class=\"lwrp-list-link-title-text\">Tradicionalno brijanje britvom s jednom o\u0161tricom (SE brijanje)<\/span><\/a><\/li><li class=\"lwrp-list-item\"><a href=\"https:\/\/vapetravellers.eu\/en\/my-account-2\/\" class=\"lwrp-list-link\"><span class=\"lwrp-list-link-title-text\">Mi cuenta<\/span><\/a><\/li><li class=\"lwrp-list-item\"><a href=\"https:\/\/vapetravellers.eu\/en\/cart-4\/\" class=\"lwrp-list-link\"><span class=\"lwrp-list-link-title-text\">Voz\u00edk<\/span><\/a><\/li><li class=\"lwrp-list-item\"><a href=\"https:\/\/vapetravellers.eu\/en\/50000-click-in-google-search\/\" class=\"lwrp-list-link\"><img width=\"480\" src=\"https:\/\/vapetravellers.eu\/wp-content\/uploads\/2023\/02\/50K_Clicks_in_Google_Search.png\"><br><span class=\"lwrp-list-link-title-text\">50000 &#8220;Klick&#8221; in der Google-Suche!<\/span><\/a><\/li><li class=\"lwrp-list-item\"><a href=\"https:\/\/vapetravellers.eu\/en\/ohms-law-calculator\/\" class=\"lwrp-list-link\"><span class=\"lwrp-list-link-title-text\">Kalkulator prawa Ohma<\/span><\/a><\/li><li class=\"lwrp-list-item\"><a href=\"https:\/\/vapetravellers.eu\/en\/my-account\/\" class=\"lwrp-list-link\"><span class=\"lwrp-list-link-title-text\">M\u00f4j \u00fa\u010det<\/span><\/a><\/li><li class=\"lwrp-list-item\"><a href=\"https:\/\/vapetravellers.eu\/%cf%86%ce%b1%cf%81%cf%83%ce%b1%ce%bb%ce%b9%ce%bd%cf%8c%cf%82-%ce%ba%cf%89%ce%bd-%ce%bd%ce%bf%cf%82-%cf%83%cf%85%ce%bd%ce%ad%ce%bd%cf%84%ce%b5%cf%85%ce%be%ce%b7-%cf%80%ce%b1%cf%81%ce%b1%cf%80%ce%bf\/\" class=\"lwrp-list-link\"><span class=\"lwrp-list-link-title-text\">\u03a6\u03b1\u03c1\u03c3\u03b1\u03bb\u03b9\u03bd\u03cc\u03c2 \u039a\u03c9\u03bd\/\u03bd\u03bf\u03c2 &#8211; \u03a3\u03c5\u03bd\u03ad\u03bd\u03c4\u03b5\u03c5\u03be\u03b7 \u03a0\u03b1\u03c1\u03b1\u03c0\u03bf\u03bb\u03b9\u03c4\u03b9\u03ba\u03ac FM- \u03a0\u03bd\u03b5\u03c5\u03bc\u03bf\u03bd\u03bf\u03c0\u03ac\u03b8\u03b5\u03b9\u03b5\u03c2 \u03bb\u03cc\u03b3\u03c9 THC<\/span><\/a><\/li><li class=\"lwrp-list-item\"><a href=\"https:\/\/vapetravellers.eu\/hitta-produkter\/\" class=\"lwrp-list-link\"><span class=\"lwrp-list-link-title-text\">Hitta produkter<\/span><\/a><\/li>                <\/ul>\r\n                        <\/div>\r\n<\/div>","protected":false},"excerpt":{"rendered":"<p>Related Posts Tradicionalno brijanje britvom s jednom o\u0161tricom (SE brijanje)Mi cuentaVoz\u00edk50000 &#8220;Klick&#8221; in der Google-Suche!Kalkulator prawa OhmaM\u00f4j \u00fa\u010det\u03a6\u03b1\u03c1\u03c3\u03b1\u03bb\u03b9\u03bd\u03cc\u03c2 \u039a\u03c9\u03bd\/\u03bd\u03bf\u03c2 &#8211; \u03a3\u03c5\u03bd\u03ad\u03bd\u03c4\u03b5\u03c5\u03be\u03b7 \u03a0\u03b1\u03c1\u03b1\u03c0\u03bf\u03bb\u03b9\u03c4\u03b9\u03ba\u03ac FM- \u03a0\u03bd\u03b5\u03c5\u03bc\u03bf\u03bd\u03bf\u03c0\u03ac\u03b8\u03b5\u03b9\u03b5\u03c2 \u03bb\u03cc\u03b3\u03c9 THCHitta produkter<\/p>\n","protected":false},"author":22,"featured_media":0,"parent":0,"menu_order":0,"comment_status":"closed","ping_status":"closed","template":"","meta":{"footnotes":""},"class_list":["post-947566","page","type-page","status-publish","hentry"],"jetpack_sharing_enabled":true,"_links":{"self":[{"href":"https:\/\/vapetravellers.eu\/en\/wp-json\/wp\/v2\/pages\/947566","targetHints":{"allow":["GET"]}}],"collection":[{"href":"https:\/\/vapetravellers.eu\/en\/wp-json\/wp\/v2\/pages"}],"about":[{"href":"https:\/\/vapetravellers.eu\/en\/wp-json\/wp\/v2\/types\/page"}],"author":[{"embeddable":true,"href":"https:\/\/vapetravellers.eu\/en\/wp-json\/wp\/v2\/users\/22"}],"replies":[{"embeddable":true,"href":"https:\/\/vapetravellers.eu\/en\/wp-json\/wp\/v2\/comments?post=947566"}],"version-history":[{"count":0,"href":"https:\/\/vapetravellers.eu\/en\/wp-json\/wp\/v2\/pages\/947566\/revisions"}],"wp:attachment":[{"href":"https:\/\/vapetravellers.eu\/en\/wp-json\/wp\/v2\/media?parent=947566"}],"curies":[{"name":"wp","href":"https:\/\/api.w.org\/{rel}","templated":true}]}}