{"id":137041,"date":"2023-02-08T01:47:13","date_gmt":"2023-02-07T22:47:13","guid":{"rendered":"https:\/\/vapetravellers.eu\/\u03c0\u03c1\u03bf\u03ca\u03cc\u03bd\/honor-30-120ml-by-bushido\/"},"modified":"2024-05-22T12:54:56","modified_gmt":"2024-05-22T09:54:56","slug":"honor-30-120ml-by-bushido","status":"publish","type":"product","link":"https:\/\/vapetravellers.eu\/en\/product\/honor-30-120ml-by-bushido\/","title":{"rendered":"Honor 30\/120ML by Bushido"},"content":{"rendered":"\t\t<div data-elementor-type=\"wp-post\" data-elementor-id=\"137041\" class=\"elementor elementor-137041 elementor-112688\">\n\t\t\t\t\t\t<section class=\"elementor-section elementor-top-section elementor-element elementor-element-4f85249a elementor-section-boxed elementor-section-height-default elementor-section-height-default\" data-id=\"4f85249a\" data-element_type=\"section\" data-e-type=\"section\">\n\t\t\t\t\t\t<div class=\"elementor-container elementor-column-gap-default\">\n\t\t\t\t\t<div class=\"elementor-column elementor-col-100 elementor-top-column elementor-element elementor-element-5bf42f59\" data-id=\"5bf42f59\" data-element_type=\"column\" data-e-type=\"column\">\n\t\t\t<div class=\"elementor-widget-wrap elementor-element-populated\">\n\t\t\t\t\t\t<div class=\"elementor-element elementor-element-1b6e8c1 elementor-widget elementor-widget-text-editor\" data-id=\"1b6e8c1\" data-element_type=\"widget\" data-e-type=\"widget\" data-widget_type=\"text-editor.default\">\n\t\t\t\t<div class=\"elementor-widget-container\">\n\t\t\t\t\t\t\t\t\tFreshly baked crispy lemon-scented cookies, dipped in the sweetest fluffiest meringue. Combination that will keep you company all day long.\n<ul>\n \t<li>Lemon biscuits<\/li>\n \t<li>Meringue<\/li>\n<\/ul>\t\t\t\t\t\t\t\t<\/div>\n\t\t\t\t<\/div>\n\t\t\t\t\t<\/div>\n\t\t<\/div>\n\t\t\t\t\t<\/div>\n\t\t<\/section>\n\t\t\t\t<section class=\"elementor-section elementor-top-section elementor-element elementor-element-7e57191 elementor-section-boxed elementor-section-height-default elementor-section-height-default\" data-id=\"7e57191\" data-element_type=\"section\" data-e-type=\"section\">\n\t\t\t\t\t\t<div class=\"elementor-container elementor-column-gap-default\">\n\t\t\t\t\t<div class=\"elementor-column elementor-col-100 elementor-top-column elementor-element elementor-element-4ad1ccd\" data-id=\"4ad1ccd\" data-element_type=\"column\" data-e-type=\"column\">\n\t\t\t<div class=\"elementor-widget-wrap\">\n\t\t\t\t\t\t\t<\/div>\n\t\t<\/div>\n\t\t\t\t\t<\/div>\n\t\t<\/section>\n\t\t\t\t<section class=\"elementor-section elementor-top-section elementor-element elementor-element-c85017f elementor-section-boxed elementor-section-height-default elementor-section-height-default\" data-id=\"c85017f\" data-element_type=\"section\" data-e-type=\"section\">\n\t\t\t\t\t\t<div class=\"elementor-container elementor-column-gap-default\">\n\t\t\t\t\t<div class=\"elementor-column elementor-col-100 elementor-top-column elementor-element elementor-element-8d66625\" data-id=\"8d66625\" data-element_type=\"column\" data-e-type=\"column\">\n\t\t\t<div class=\"elementor-widget-wrap\">\n\t\t\t\t\t\t\t<\/div>\n\t\t<\/div>\n\t\t\t\t\t<\/div>\n\t\t<\/section>\n\t\t\t\t<section class=\"elementor-section elementor-top-section elementor-element elementor-element-504be3b elementor-section-boxed elementor-section-height-default elementor-section-height-default\" data-id=\"504be3b\" data-element_type=\"section\" data-e-type=\"section\">\n\t\t\t\t\t\t<div class=\"elementor-container elementor-column-gap-default\">\n\t\t\t\t\t<div class=\"elementor-column elementor-col-100 elementor-top-column elementor-element elementor-element-29ba0af\" data-id=\"29ba0af\" data-element_type=\"column\" data-e-type=\"column\">\n\t\t\t<div class=\"elementor-widget-wrap\">\n\t\t\t\t\t\t\t<\/div>\n\t\t<\/div>\n\t\t\t\t\t<\/div>\n\t\t<\/section>\n\t\t\t\t<section class=\"elementor-section elementor-top-section elementor-element elementor-element-bdd26df elementor-section-boxed elementor-section-height-default elementor-section-height-default\" data-id=\"bdd26df\" data-element_type=\"section\" data-e-type=\"section\">\n\t\t\t\t\t\t<div class=\"elementor-container elementor-column-gap-default\">\n\t\t\t\t\t<div class=\"elementor-column elementor-col-100 elementor-top-column elementor-element elementor-element-503f95e\" data-id=\"503f95e\" data-element_type=\"column\" data-e-type=\"column\">\n\t\t\t<div class=\"elementor-widget-wrap\">\n\t\t\t\t\t\t\t<\/div>\n\t\t<\/div>\n\t\t\t\t\t<\/div>\n\t\t<\/section>\n\t\t\t\t<section class=\"elementor-section elementor-top-section elementor-element elementor-element-eb9c853 elementor-section-boxed elementor-section-height-default elementor-section-height-default\" data-id=\"eb9c853\" data-element_type=\"section\" data-e-type=\"section\">\n\t\t\t\t\t\t<div class=\"elementor-container elementor-column-gap-default\">\n\t\t\t\t\t<div class=\"elementor-column elementor-col-100 elementor-top-column elementor-element elementor-element-07ebf43\" data-id=\"07ebf43\" data-element_type=\"column\" data-e-type=\"column\">\n\t\t\t<div class=\"elementor-widget-wrap\">\n\t\t\t\t\t\t\t<\/div>\n\t\t<\/div>\n\t\t\t\t\t<\/div>\n\t\t<\/section>\n\t\t\t\t<section class=\"elementor-section elementor-top-section elementor-element elementor-element-757643b elementor-section-boxed elementor-section-height-default elementor-section-height-default\" data-id=\"757643b\" data-element_type=\"section\" data-e-type=\"section\">\n\t\t\t\t\t\t<div class=\"elementor-container elementor-column-gap-default\">\n\t\t\t\t\t<div class=\"elementor-column elementor-col-100 elementor-top-column elementor-element elementor-element-4f7f1f9\" data-id=\"4f7f1f9\" data-element_type=\"column\" data-e-type=\"column\">\n\t\t\t<div class=\"elementor-widget-wrap\">\n\t\t\t\t\t\t\t<\/div>\n\t\t<\/div>\n\t\t\t\t\t<\/div>\n\t\t<\/section>\n\t\t\t\t<\/div>\n\t\t","protected":false},"excerpt":{"rendered":"<p>Freshly baked crispy lemon-scented cookies, dipped in the sweetest fluffiest meringue. Combination that will keep you company all day long. Lemon biscuits Meringue [table id=11 \/] \u0395\u03bd\u03b1\u03bb\u03b1\u03ba\u03c4\u03b9\u03ba\u03ad\u03c2 \u03a0\u03c1\u03bf\u03c4\u03ac\u03c3\u03b5\u03b9\u03c2\u0393\u03bb\u03c5\u03ba\u03ad\u03c2 \u0393\u03b5\u03cd\u03c3\u03b5\u03b9\u03c2 &#8211; Deserts Blackout, e-v\u00e4tskor-Koncentrat med l\u00e5g smak-smakskott-f\u00e4rdiga vapingv\u00e4tskor, Godis &#8211; \u00d6knar, Koncentrerade dofter &#8211; smakskott BLACKOUT Flavor Shot Be My Valentine Strawberry Milky Chocolate 120ml 13,50&nbsp;&euro; [&hellip;]<\/p>\n","protected":false},"featured_media":9960446,"comment_status":"open","ping_status":"closed","template":"","meta":[],"product_brand":[],"product_cat":[10215,10192,10205],"product_tag":[14259,8908,17803,17816,14895,10401,49750,49736,17755,10403,10392,17829,17780,10423,10106,49746,49745,670,10409,17767,10127,49754,49748,77158],"class_list":{"0":"post-137041","1":"product","2":"type-product","3":"status-publish","4":"has-post-thumbnail","6":"product_cat-concentrated-fragrances-flavor-shots","7":"product_cat-e-liquids-low-flavor-concentrates-flavor-shots-ready-vaporizing-liquids","8":"product_cat-sweets-deserts","9":"product_tag-120ml-en","10":"product_tag-bushido-en","11":"product_tag-bushido-eliquid-en","12":"product_tag-bushido-eliquid-of-the-warior-en","13":"product_tag-cookies-en-2","14":"product_tag-e-liquid-en","15":"product_tag-elektronicka-cigareta-en","16":"product_tag-eliquidy-en","17":"product_tag-flavor-shot-en","18":"product_tag-flavorshot-en","19":"product_tag-fruity","20":"product_tag-lemon-cookies","21":"product_tag-meringue-en","22":"product_tag-refill-liquid","23":"product_tag-vape-en","24":"product_tag-vape-cestovatele-nakupuji-en","25":"product_tag-vape-recko-en","26":"product_tag-vape-shop","27":"product_tag-vapegreece-en","28":"product_tag-vapetravellers-shop-en","29":"product_tag-vaping-en","30":"product_tag-vaporizacni-tekutina-en","31":"product_tag-vapovani-en-2","32":"product_tag-volt-en","34":"first","35":"onbackorder","36":"taxable","37":"shipping-taxable","38":"purchasable","39":"product-type-simple"},"jetpack_sharing_enabled":true,"_links":{"self":[{"href":"https:\/\/vapetravellers.eu\/en\/wp-json\/wp\/v2\/product\/137041","targetHints":{"allow":["GET"]}}],"collection":[{"href":"https:\/\/vapetravellers.eu\/en\/wp-json\/wp\/v2\/product"}],"about":[{"href":"https:\/\/vapetravellers.eu\/en\/wp-json\/wp\/v2\/types\/product"}],"replies":[{"embeddable":true,"href":"https:\/\/vapetravellers.eu\/en\/wp-json\/wp\/v2\/comments?post=137041"}],"version-history":[{"count":0,"href":"https:\/\/vapetravellers.eu\/en\/wp-json\/wp\/v2\/product\/137041\/revisions"}],"wp:featuredmedia":[{"embeddable":true,"href":"https:\/\/vapetravellers.eu\/en\/wp-json\/wp\/v2\/media\/9960446"}],"wp:attachment":[{"href":"https:\/\/vapetravellers.eu\/en\/wp-json\/wp\/v2\/media?parent=137041"}],"wp:term":[{"taxonomy":"product_brand","embeddable":true,"href":"https:\/\/vapetravellers.eu\/en\/wp-json\/wp\/v2\/product_brand?post=137041"},{"taxonomy":"product_cat","embeddable":true,"href":"https:\/\/vapetravellers.eu\/en\/wp-json\/wp\/v2\/product_cat?post=137041"},{"taxonomy":"product_tag","embeddable":true,"href":"https:\/\/vapetravellers.eu\/en\/wp-json\/wp\/v2\/product_tag?post=137041"}],"curies":[{"name":"wp","href":"https:\/\/api.w.org\/{rel}","templated":true}]}}