{"id":233435,"date":"2022-04-05T18:33:14","date_gmt":"2022-04-05T15:33:14","guid":{"rendered":"https:\/\/vapetravellers.eu\/\u03c0\u03c1\u03bf\u03ca\u03cc\u03bd\/dark-matter-15-60ml-by-liberty-vipes\/"},"modified":"2024-05-22T16:46:14","modified_gmt":"2024-05-22T13:46:14","slug":"dark-matter-15-60ml-by-liberty-vipes","status":"publish","type":"product","link":"https:\/\/vapetravellers.eu\/en\/product\/dark-matter-15-60ml-by-liberty-vipes\/","title":{"rendered":"Dark Matter 15\/60ML by Liberty Vipes"},"content":{"rendered":"\t\t<div data-elementor-type=\"wp-post\" data-elementor-id=\"233435\" class=\"elementor elementor-233435 elementor-95373\">\n\t\t\t\t\t\t<section class=\"elementor-section elementor-top-section elementor-element elementor-element-3d434f9a elementor-section-boxed elementor-section-height-default elementor-section-height-default\" data-id=\"3d434f9a\" data-element_type=\"section\" data-e-type=\"section\">\n\t\t\t\t\t\t<div class=\"elementor-container elementor-column-gap-default\">\n\t\t\t\t\t<div class=\"elementor-column elementor-col-100 elementor-top-column elementor-element elementor-element-44c6bc52\" data-id=\"44c6bc52\" data-element_type=\"column\" data-e-type=\"column\">\n\t\t\t<div class=\"elementor-widget-wrap elementor-element-populated\">\n\t\t\t\t\t\t<div class=\"elementor-element elementor-element-73fc7617 elementor-widget elementor-widget-text-editor\" data-id=\"73fc7617\" data-element_type=\"widget\" data-e-type=\"widget\" data-widget_type=\"text-editor.default\">\n\t\t\t\t<div class=\"elementor-widget-container\">\n\t\t\t\t\t\t\t\t\tA subtle smoke-like taste with a mysterious buttery end that can&#8217;t be measured, but definitely makes its presence known!\n\n[table id=&#8221;16&#8243; \/]\n<ul>\n \t<li>Hemimic liquid<\/li>\n \t<li>Buttery taste<\/li>\n \t<li>60 ml<\/li>\n<\/ul>\t\t\t\t\t\t\t\t<\/div>\n\t\t\t\t<\/div>\n\t\t\t\t\t<\/div>\n\t\t<\/div>\n\t\t\t\t\t<\/div>\n\t\t<\/section>\n\t\t\t\t<section class=\"elementor-section elementor-top-section elementor-element elementor-element-54228e5 elementor-section-boxed elementor-section-height-default elementor-section-height-default\" data-id=\"54228e5\" data-element_type=\"section\" data-e-type=\"section\">\n\t\t\t\t\t\t<div class=\"elementor-container elementor-column-gap-default\">\n\t\t\t\t\t<div class=\"elementor-column elementor-col-100 elementor-top-column elementor-element elementor-element-1a02f54\" data-id=\"1a02f54\" data-element_type=\"column\" data-e-type=\"column\">\n\t\t\t<div class=\"elementor-widget-wrap\">\n\t\t\t\t\t\t\t<\/div>\n\t\t<\/div>\n\t\t\t\t\t<\/div>\n\t\t<\/section>\n\t\t\t\t<section class=\"elementor-section elementor-top-section elementor-element elementor-element-a2fe885 elementor-section-boxed elementor-section-height-default elementor-section-height-default\" data-id=\"a2fe885\" data-element_type=\"section\" data-e-type=\"section\">\n\t\t\t\t\t\t<div class=\"elementor-container elementor-column-gap-default\">\n\t\t\t\t\t<div class=\"elementor-column elementor-col-100 elementor-top-column elementor-element elementor-element-320e312\" data-id=\"320e312\" data-element_type=\"column\" data-e-type=\"column\">\n\t\t\t<div class=\"elementor-widget-wrap\">\n\t\t\t\t\t\t\t<\/div>\n\t\t<\/div>\n\t\t\t\t\t<\/div>\n\t\t<\/section>\n\t\t\t\t<\/div>\n\t\t","protected":false},"excerpt":{"rendered":"<p>A subtle smoke-like taste with a mysterious buttery end that can&#8217;t be measured, but definitely makes its presence known! [table id=&#8221;16&#8243; \/] Hemimic liquid Buttery taste 60 ml \u0395\u03bd\u03b1\u03bb\u03b1\u03ba\u03c4\u03b9\u03ba\u03ad\u03c2 \u03a0\u03c1\u03bf\u03c4\u03ac\u03c3\u03b5\u03b9\u03c2 \u0397\u03bc\u03b9\u03ba\u03b1\u03c0\u03bd\u03b9\u03ba\u03ac \u03a5\u03b3\u03c1\u03ac Dinner Lady Flavor Shots, e-v\u00e4tskor-Koncentrat med l\u00e5g smak-smakskott-f\u00e4rdiga vapingv\u00e4tskor, Halvr\u00f6kning, Koncentrerade dofter &#8211; smakskott Middag Lady Flavour Shot Smooth Tobacco 120ml 16,90&nbsp;&euro; L\u00e4gg [&hellip;]<\/p>\n","protected":false},"featured_media":95374,"comment_status":"open","ping_status":"closed","template":"","meta":[],"product_brand":[],"product_cat":[10215,10192],"product_tag":[14520,10405,10224,31809,8338,10425,10401,10439,49750,10429,49736,10403,10408,31553,31570,31556,10427,10442,49744,10423,18808,11097,10406,49746,49745,670,48461,10415,10409,49754,49748],"class_list":{"0":"post-233435","1":"product","2":"type-product","3":"status-publish","4":"has-post-thumbnail","6":"product_cat-concentrated-fragrances-flavor-shots","7":"product_cat-e-liquids-low-flavor-concentrates-flavor-shots-ready-vaporizing-liquids","8":"product_tag-60ml-en","9":"product_tag-aroma-en-2","10":"product_tag-aroma-en","11":"product_tag-butter-en","12":"product_tag-e-liquids-en","13":"product_tag-e-cigarette-liquid","14":"product_tag-e-liquid-en","15":"product_tag-e-liquids-en-2","16":"product_tag-elektronicka-cigareta-en","17":"product_tag-eliquids-en","18":"product_tag-eliquidy-en","19":"product_tag-flavorshot-en","20":"product_tag-flavorshots-en","21":"product_tag-liberty-vipes-en","22":"product_tag-liberty-vipes-juice-en","23":"product_tag-liberty-vipes-liquids-en","24":"product_tag-liquid-electronic-cigarette","25":"product_tag-liquid-for-electronic-cigarette","26":"product_tag-otresy-a-vape-en","27":"product_tag-refill-liquid","28":"product_tag-semi-smoking","29":"product_tag-tobacco-en","30":"product_tag-vape-aroma-en","31":"product_tag-vape-cestovatele-nakupuji-en","32":"product_tag-vape-recko-en","33":"product_tag-vape-shop","34":"product_tag-vape-travellers-shop---en","35":"product_tag-vapegr-en","36":"product_tag-vapegreece-en","37":"product_tag-vaporizacni-tekutina-en","38":"product_tag-vapovani-en-2","40":"first","41":"onbackorder","42":"taxable","43":"shipping-taxable","44":"purchasable","45":"product-type-simple"},"jetpack_sharing_enabled":true,"_links":{"self":[{"href":"https:\/\/vapetravellers.eu\/en\/wp-json\/wp\/v2\/product\/233435","targetHints":{"allow":["GET"]}}],"collection":[{"href":"https:\/\/vapetravellers.eu\/en\/wp-json\/wp\/v2\/product"}],"about":[{"href":"https:\/\/vapetravellers.eu\/en\/wp-json\/wp\/v2\/types\/product"}],"replies":[{"embeddable":true,"href":"https:\/\/vapetravellers.eu\/en\/wp-json\/wp\/v2\/comments?post=233435"}],"version-history":[{"count":0,"href":"https:\/\/vapetravellers.eu\/en\/wp-json\/wp\/v2\/product\/233435\/revisions"}],"wp:featuredmedia":[{"embeddable":true,"href":"https:\/\/vapetravellers.eu\/en\/wp-json\/wp\/v2\/media\/95374"}],"wp:attachment":[{"href":"https:\/\/vapetravellers.eu\/en\/wp-json\/wp\/v2\/media?parent=233435"}],"wp:term":[{"taxonomy":"product_brand","embeddable":true,"href":"https:\/\/vapetravellers.eu\/en\/wp-json\/wp\/v2\/product_brand?post=233435"},{"taxonomy":"product_cat","embeddable":true,"href":"https:\/\/vapetravellers.eu\/en\/wp-json\/wp\/v2\/product_cat?post=233435"},{"taxonomy":"product_tag","embeddable":true,"href":"https:\/\/vapetravellers.eu\/en\/wp-json\/wp\/v2\/product_tag?post=233435"}],"curies":[{"name":"wp","href":"https:\/\/api.w.org\/{rel}","templated":true}]}}