{"id":233534,"date":"2022-04-13T18:36:32","date_gmt":"2022-04-13T15:36:32","guid":{"rendered":"https:\/\/vapetravellers.eu\/\u03c0\u03c1\u03bf\u03ca\u03cc\u03bd\/woo-woo-30-120ml-by-liberty-vipes\/"},"modified":"2024-05-22T18:06:11","modified_gmt":"2024-05-22T15:06:11","slug":"woo-woo-30-120ml-by-liberty-vipes","status":"publish","type":"product","link":"https:\/\/vapetravellers.eu\/en\/product\/woo-woo-30-120ml-by-liberty-vipes\/","title":{"rendered":"Woo Woo 30\/120ML by Liberty Vipes"},"content":{"rendered":"\t\t<div data-elementor-type=\"wp-post\" data-elementor-id=\"233534\" class=\"elementor elementor-233534 elementor-95650\">\n\t\t\t\t\t\t<section class=\"elementor-section elementor-top-section elementor-element elementor-element-6cc67ff9 elementor-section-boxed elementor-section-height-default elementor-section-height-default\" data-id=\"6cc67ff9\" data-element_type=\"section\" data-e-type=\"section\">\n\t\t\t\t\t\t<div class=\"elementor-container elementor-column-gap-default\">\n\t\t\t\t\t<div class=\"elementor-column elementor-col-100 elementor-top-column elementor-element elementor-element-21fa1a8b\" data-id=\"21fa1a8b\" data-element_type=\"column\" data-e-type=\"column\">\n\t\t\t<div class=\"elementor-widget-wrap elementor-element-populated\">\n\t\t\t\t\t\t<div class=\"elementor-element elementor-element-38bcb3ae elementor-widget elementor-widget-text-editor\" data-id=\"38bcb3ae\" data-element_type=\"widget\" data-e-type=\"widget\" data-widget_type=\"text-editor.default\">\n\t\t\t\t<div class=\"elementor-widget-container\">\n\t\t\t\t\t\t\t\t\tThis is a taste that will make you lose your words. No matter how you pronounce it, this perfect combination of berries and lemonade is what you need!\n<ul>\n \t<li>Berries<\/li>\n \t<li>Lemonade<\/li>\n<\/ul>\n[table id=&#8221;11&#8243; \/]\t\t\t\t\t\t\t\t<\/div>\n\t\t\t\t<\/div>\n\t\t\t\t\t<\/div>\n\t\t<\/div>\n\t\t\t\t\t<\/div>\n\t\t<\/section>\n\t\t\t\t<section class=\"elementor-section elementor-top-section elementor-element elementor-element-cf1dc7a elementor-section-boxed elementor-section-height-default elementor-section-height-default\" data-id=\"cf1dc7a\" data-element_type=\"section\" data-e-type=\"section\">\n\t\t\t\t\t\t<div class=\"elementor-container elementor-column-gap-default\">\n\t\t\t\t\t<div class=\"elementor-column elementor-col-100 elementor-top-column elementor-element elementor-element-2899755\" data-id=\"2899755\" data-element_type=\"column\" data-e-type=\"column\">\n\t\t\t<div class=\"elementor-widget-wrap\">\n\t\t\t\t\t\t\t<\/div>\n\t\t<\/div>\n\t\t\t\t\t<\/div>\n\t\t<\/section>\n\t\t\t\t<section class=\"elementor-section elementor-top-section elementor-element elementor-element-11455fb elementor-section-boxed elementor-section-height-default elementor-section-height-default\" data-id=\"11455fb\" data-element_type=\"section\" data-e-type=\"section\">\n\t\t\t\t\t\t<div class=\"elementor-container elementor-column-gap-default\">\n\t\t\t\t\t<div class=\"elementor-column elementor-col-100 elementor-top-column elementor-element elementor-element-3cd0ccb\" data-id=\"3cd0ccb\" data-element_type=\"column\" data-e-type=\"column\">\n\t\t\t<div class=\"elementor-widget-wrap\">\n\t\t\t\t\t\t\t<\/div>\n\t\t<\/div>\n\t\t\t\t\t<\/div>\n\t\t<\/section>\n\t\t\t\t<section class=\"elementor-section elementor-top-section elementor-element elementor-element-69cddaa elementor-section-boxed elementor-section-height-default elementor-section-height-default\" data-id=\"69cddaa\" data-element_type=\"section\" data-e-type=\"section\">\n\t\t\t\t\t\t<div class=\"elementor-container elementor-column-gap-default\">\n\t\t\t\t\t<div class=\"elementor-column elementor-col-100 elementor-top-column elementor-element elementor-element-2fe3367\" data-id=\"2fe3367\" data-element_type=\"column\" data-e-type=\"column\">\n\t\t\t<div class=\"elementor-widget-wrap\">\n\t\t\t\t\t\t\t<\/div>\n\t\t<\/div>\n\t\t\t\t\t<\/div>\n\t\t<\/section>\n\t\t\t\t<section class=\"elementor-section elementor-top-section elementor-element elementor-element-de817a6 elementor-section-boxed elementor-section-height-default elementor-section-height-default\" data-id=\"de817a6\" data-element_type=\"section\" data-e-type=\"section\">\n\t\t\t\t\t\t<div class=\"elementor-container elementor-column-gap-default\">\n\t\t\t\t\t<div class=\"elementor-column elementor-col-100 elementor-top-column elementor-element elementor-element-88c7666\" data-id=\"88c7666\" data-element_type=\"column\" data-e-type=\"column\">\n\t\t\t<div class=\"elementor-widget-wrap\">\n\t\t\t\t\t\t\t<\/div>\n\t\t<\/div>\n\t\t\t\t\t<\/div>\n\t\t<\/section>\n\t\t\t\t<\/div>\n\t\t","protected":false},"excerpt":{"rendered":"<p>This is a taste that will make you lose your words. No matter how you pronounce it, this perfect combination of berries and lemonade is what you need! Berries Lemonade [table id=&#8221;11&#8243; \/] \u0395\u03bd\u03b1\u03bb\u03b1\u03ba\u03c4\u03b9\u03ba\u03ad\u03c2 \u03a0\u03c1\u03bf\u03c4\u03ac\u03c3\u03b5\u03b9\u03c2 \u0393\u03b5\u03cd\u03c3\u03b5\u03b9\u03c2 \u03a0\u03bf\u03c4\u03ce\u03bd Drycker &#8211; Drycker, e-v\u00e4tskor-Koncentrat med l\u00e5g smak-smakskott-f\u00e4rdiga vapingv\u00e4tskor, Koncentrerade dofter &#8211; smakskott, Mynta &#8211; Menthol, VNV Premium v\u00e4tskor [&hellip;]<\/p>\n","protected":false},"featured_media":95654,"comment_status":"open","ping_status":"closed","template":"","meta":[],"product_brand":[],"product_cat":[10451],"product_tag":[10224,53515,10403,10408,49746,52637,670,10415,10409],"class_list":{"0":"post-233534","1":"product","2":"type-product","3":"status-publish","4":"has-post-thumbnail","6":"product_cat-uncategorized-en","7":"product_tag-aroma-en","8":"product_tag-e-liquido-en","9":"product_tag-flavorshot-en","10":"product_tag-flavorshots-en","11":"product_tag-vape-cestovatele-nakupuji-en","12":"product_tag-vape-grecia-en","13":"product_tag-vape-shop","14":"product_tag-vapegr-en","15":"product_tag-vapegreece-en","17":"first","18":"onbackorder","19":"taxable","20":"shipping-taxable","21":"purchasable","22":"product-type-simple"},"jetpack_sharing_enabled":true,"_links":{"self":[{"href":"https:\/\/vapetravellers.eu\/en\/wp-json\/wp\/v2\/product\/233534","targetHints":{"allow":["GET"]}}],"collection":[{"href":"https:\/\/vapetravellers.eu\/en\/wp-json\/wp\/v2\/product"}],"about":[{"href":"https:\/\/vapetravellers.eu\/en\/wp-json\/wp\/v2\/types\/product"}],"replies":[{"embeddable":true,"href":"https:\/\/vapetravellers.eu\/en\/wp-json\/wp\/v2\/comments?post=233534"}],"version-history":[{"count":0,"href":"https:\/\/vapetravellers.eu\/en\/wp-json\/wp\/v2\/product\/233534\/revisions"}],"wp:featuredmedia":[{"embeddable":true,"href":"https:\/\/vapetravellers.eu\/en\/wp-json\/wp\/v2\/media\/95654"}],"wp:attachment":[{"href":"https:\/\/vapetravellers.eu\/en\/wp-json\/wp\/v2\/media?parent=233534"}],"wp:term":[{"taxonomy":"product_brand","embeddable":true,"href":"https:\/\/vapetravellers.eu\/en\/wp-json\/wp\/v2\/product_brand?post=233534"},{"taxonomy":"product_cat","embeddable":true,"href":"https:\/\/vapetravellers.eu\/en\/wp-json\/wp\/v2\/product_cat?post=233534"},{"taxonomy":"product_tag","embeddable":true,"href":"https:\/\/vapetravellers.eu\/en\/wp-json\/wp\/v2\/product_tag?post=233534"}],"curies":[{"name":"wp","href":"https:\/\/api.w.org\/{rel}","templated":true}]}}