{"id":293572,"date":"2022-11-24T14:03:58","date_gmt":"2022-11-24T11:03:58","guid":{"rendered":"https:\/\/vapetravellers.eu\/\u03c0\u03c1\u03bf\u03ca\u03cc\u03bd\/bolt-cherry-cola-flavour-shot-60ml\/"},"modified":"2024-05-22T14:44:51","modified_gmt":"2024-05-22T11:44:51","slug":"bolt-cherry-cola-flavour-shot-60ml","status":"publish","type":"product","link":"https:\/\/vapetravellers.eu\/en\/product\/bolt-cherry-cola-flavour-shot-60ml\/","title":{"rendered":"Bolt Cherry Cola Flavour Shot 60ml"},"content":{"rendered":"\t\t<div data-elementor-type=\"wp-post\" data-elementor-id=\"293572\" class=\"elementor elementor-293572 elementor-107504\">\n\t\t\t\t\t\t<section class=\"elementor-section elementor-top-section elementor-element elementor-element-3507c1b6 elementor-section-boxed elementor-section-height-default elementor-section-height-default\" data-id=\"3507c1b6\" data-element_type=\"section\" data-e-type=\"section\">\n\t\t\t\t\t\t<div class=\"elementor-container elementor-column-gap-default\">\n\t\t\t\t\t<div class=\"elementor-column elementor-col-100 elementor-top-column elementor-element elementor-element-5f1f1159\" data-id=\"5f1f1159\" data-element_type=\"column\" data-e-type=\"column\">\n\t\t\t<div class=\"elementor-widget-wrap elementor-element-populated\">\n\t\t\t\t\t\t<div class=\"elementor-element elementor-element-28dab100 elementor-widget elementor-widget-text-editor\" data-id=\"28dab100\" data-element_type=\"widget\" data-e-type=\"widget\" data-widget_type=\"text-editor.default\">\n\t\t\t\t<div class=\"elementor-widget-container\">\n\t\t\t\t\t\t\t\t\tA classic combination, with wonderful sweetness, that stands out. Rich, dark cherries are combined with the well-known carbonated soft drink, offering an aftertaste that will literally quench your thirst!\n<ul>\n \t<li>Cherries<\/li>\n \t<li>Cola<\/li>\n<\/ul>\t\t\t\t\t\t\t\t<\/div>\n\t\t\t\t<\/div>\n\t\t\t\t\t<\/div>\n\t\t<\/div>\n\t\t\t\t\t<\/div>\n\t\t<\/section>\n\t\t\t\t<section class=\"elementor-section elementor-top-section elementor-element elementor-element-65a47e4 elementor-section-boxed elementor-section-height-default elementor-section-height-default\" data-id=\"65a47e4\" data-element_type=\"section\" data-e-type=\"section\">\n\t\t\t\t\t\t<div class=\"elementor-container elementor-column-gap-default\">\n\t\t\t\t\t<div class=\"elementor-column elementor-col-100 elementor-top-column elementor-element elementor-element-2bfdb9f\" data-id=\"2bfdb9f\" data-element_type=\"column\" data-e-type=\"column\">\n\t\t\t<div class=\"elementor-widget-wrap\">\n\t\t\t\t\t\t\t<\/div>\n\t\t<\/div>\n\t\t\t\t\t<\/div>\n\t\t<\/section>\n\t\t\t\t<section class=\"elementor-section elementor-top-section elementor-element elementor-element-524cc8c elementor-section-boxed elementor-section-height-default elementor-section-height-default\" data-id=\"524cc8c\" data-element_type=\"section\" data-e-type=\"section\">\n\t\t\t\t\t\t<div class=\"elementor-container elementor-column-gap-default\">\n\t\t\t\t\t<div class=\"elementor-column elementor-col-100 elementor-top-column elementor-element elementor-element-c596313\" data-id=\"c596313\" data-element_type=\"column\" data-e-type=\"column\">\n\t\t\t<div class=\"elementor-widget-wrap\">\n\t\t\t\t\t\t\t<\/div>\n\t\t<\/div>\n\t\t\t\t\t<\/div>\n\t\t<\/section>\n\t\t\t\t<section class=\"elementor-section elementor-top-section elementor-element elementor-element-51e1a54 elementor-section-boxed elementor-section-height-default elementor-section-height-default\" data-id=\"51e1a54\" data-element_type=\"section\" data-e-type=\"section\">\n\t\t\t\t\t\t<div class=\"elementor-container elementor-column-gap-default\">\n\t\t\t\t\t<div class=\"elementor-column elementor-col-100 elementor-top-column elementor-element elementor-element-0a68dcf\" data-id=\"0a68dcf\" data-element_type=\"column\" data-e-type=\"column\">\n\t\t\t<div class=\"elementor-widget-wrap\">\n\t\t\t\t\t\t\t<\/div>\n\t\t<\/div>\n\t\t\t\t\t<\/div>\n\t\t<\/section>\n\t\t\t\t<section class=\"elementor-section elementor-top-section elementor-element elementor-element-4e14301 elementor-section-boxed elementor-section-height-default elementor-section-height-default\" data-id=\"4e14301\" data-element_type=\"section\" data-e-type=\"section\">\n\t\t\t\t\t\t<div class=\"elementor-container elementor-column-gap-default\">\n\t\t\t\t\t<div class=\"elementor-column elementor-col-100 elementor-top-column elementor-element elementor-element-f5bb59a\" data-id=\"f5bb59a\" data-element_type=\"column\" data-e-type=\"column\">\n\t\t\t<div class=\"elementor-widget-wrap\">\n\t\t\t\t\t\t\t<\/div>\n\t\t<\/div>\n\t\t\t\t\t<\/div>\n\t\t<\/section>\n\t\t\t\t<section class=\"elementor-section elementor-top-section elementor-element elementor-element-9c831a4 elementor-section-boxed elementor-section-height-default elementor-section-height-default\" data-id=\"9c831a4\" data-element_type=\"section\" data-e-type=\"section\">\n\t\t\t\t\t\t<div class=\"elementor-container elementor-column-gap-default\">\n\t\t\t\t\t<div class=\"elementor-column elementor-col-100 elementor-top-column elementor-element elementor-element-89c56c9\" data-id=\"89c56c9\" data-element_type=\"column\" data-e-type=\"column\">\n\t\t\t<div class=\"elementor-widget-wrap\">\n\t\t\t\t\t\t\t<\/div>\n\t\t<\/div>\n\t\t\t\t\t<\/div>\n\t\t<\/section>\n\t\t\t\t<\/div>\n\t\t","protected":false},"excerpt":{"rendered":"<p>A classic combination, with wonderful sweetness, that stands out. Rich, dark cherries are combined with the well-known carbonated soft drink, offering an aftertaste that will literally quench your thirst! Cherries Cola 20ml \u03ac\u03c1\u03c9\u03bc\u03b1 \u03c3\u03b5 60ml \u03c3\u03c5\u03c3\u03ba\u03b5\u03c5\u03b1\u03c3\u03af\u03b1 [table id=9 \/] \u0395\u03bd\u03b1\u03bb\u03b1\u03ba\u03c4\u03b9\u03ba\u03ad\u03c2 \u03a0\u03c1\u03bf\u03c4\u03ac\u03c3\u03b5\u03b9\u03c2 \u0393\u03b5\u03cd\u03c3\u03b5\u03b9\u03c2 \u03a0\u03bf\u03c4\u03ce\u03bd \u00c9dess\u00e9gek &#8211; Sivatagok, Eldobhat\u00f3 eszk\u00f6z\u00f6k &#8211; Eldobhat\u00f3, Elf b\u00e1r, Gy\u00fcm\u00f6lcs\u00f6s, Italok &#8211; [&hellip;]<\/p>\n","protected":false},"featured_media":107500,"comment_status":"open","ping_status":"closed","template":"","meta":[],"product_brand":[],"product_cat":[10215,13941,10192],"product_tag":[14520,8973,42447,42465,10453,19543,10449,26500,10401,49750,49736,17755,10403,10392,26491,10423,42526,10106,49746,49745,670,10409,17767,10127,49754,49748],"class_list":{"0":"post-293572","1":"product","2":"type-product","3":"status-publish","4":"has-post-thumbnail","6":"product_cat-concentrated-fragrances-flavor-shots","7":"product_cat-drinks-beverages","8":"product_cat-e-liquids-low-flavor-concentrates-flavor-shots-ready-vaporizing-liquids","9":"product_tag-60ml-en","10":"product_tag-bolt-en","11":"product_tag-bolt-eliquid-en","12":"product_tag-bolt-juice-en","13":"product_tag-cherries-en-2","14":"product_tag-cherry-en-2","15":"product_tag-cherry-en","16":"product_tag-cola-en","17":"product_tag-e-liquid-en","18":"product_tag-elektronicka-cigareta-en","19":"product_tag-eliquidy-en","20":"product_tag-flavor-shot-en","21":"product_tag-flavorshot-en","22":"product_tag-fruity","23":"product_tag-kola-en","24":"product_tag-refill-liquid","25":"product_tag-refreshment","26":"product_tag-vape-en","27":"product_tag-vape-cestovatele-nakupuji-en","28":"product_tag-vape-recko-en","29":"product_tag-vape-shop","30":"product_tag-vapegreece-en","31":"product_tag-vapetravellers-shop-en","32":"product_tag-vaping-en","33":"product_tag-vaporizacni-tekutina-en","34":"product_tag-vapovani-en-2","36":"first","37":"onbackorder","38":"taxable","39":"shipping-taxable","40":"purchasable","41":"product-type-simple"},"jetpack_sharing_enabled":true,"_links":{"self":[{"href":"https:\/\/vapetravellers.eu\/en\/wp-json\/wp\/v2\/product\/293572","targetHints":{"allow":["GET"]}}],"collection":[{"href":"https:\/\/vapetravellers.eu\/en\/wp-json\/wp\/v2\/product"}],"about":[{"href":"https:\/\/vapetravellers.eu\/en\/wp-json\/wp\/v2\/types\/product"}],"replies":[{"embeddable":true,"href":"https:\/\/vapetravellers.eu\/en\/wp-json\/wp\/v2\/comments?post=293572"}],"version-history":[{"count":0,"href":"https:\/\/vapetravellers.eu\/en\/wp-json\/wp\/v2\/product\/293572\/revisions"}],"wp:featuredmedia":[{"embeddable":true,"href":"https:\/\/vapetravellers.eu\/en\/wp-json\/wp\/v2\/media\/107500"}],"wp:attachment":[{"href":"https:\/\/vapetravellers.eu\/en\/wp-json\/wp\/v2\/media?parent=293572"}],"wp:term":[{"taxonomy":"product_brand","embeddable":true,"href":"https:\/\/vapetravellers.eu\/en\/wp-json\/wp\/v2\/product_brand?post=293572"},{"taxonomy":"product_cat","embeddable":true,"href":"https:\/\/vapetravellers.eu\/en\/wp-json\/wp\/v2\/product_cat?post=293572"},{"taxonomy":"product_tag","embeddable":true,"href":"https:\/\/vapetravellers.eu\/en\/wp-json\/wp\/v2\/product_tag?post=293572"}],"curies":[{"name":"wp","href":"https:\/\/api.w.org\/{rel}","templated":true}]}}